{"id":369,"date":"2023-02-02T16:55:52","date_gmt":"2023-02-02T15:55:52","guid":{"rendered":"https:\/\/www.chanvrier-lotois.com\/?post_type=product&#038;p=369"},"modified":"2025-05-26T11:00:04","modified_gmt":"2025-05-26T09:00:04","slug":"fleur-de-cbg-la-sereine","status":"publish","type":"product","link":"https:\/\/www.chanvrier-lotois.com\/index.php\/produit\/fleur-de-cbg-la-sereine\/","title":{"rendered":"Fleur de CBG \u00ab\u00a0La Sereine\u00a0\u00bb &#8211; r\u00e9colte 2024"},"content":{"rendered":"<h1>Pourquoi choisir \u00ab\u00a0La Sereine\u00a0\u00bb ?<\/h1>\n<p>&nbsp;<\/p>\n<p><em>La Sereine<\/em> est la fleur de CBG aussi apaisante et ressour\u00e7ante qu&rsquo;une promenade dans les bois. Avec un taux de CBG situ\u00e9 entre 9 et 11 %, elle vous apporte une d\u00e9tente unique.<\/p>\n<h3>Des fleurs de CBG bio cultiv\u00e9s \u00e0 Cahors<\/h3>\n<p>Comme toutes nos fleurs, elle est cultiv\u00e9e en agriculture biologique. Chez Chanvrier Lotois, on plante et r\u00e9colte \u00e0 la main en Occitanie. Le taux de THC inf\u00e9rieur \u00e0 0,3% respecte la l\u00e9gislation fran\u00e7aise et de consommer en toute lucidit\u00e9.<\/p>\n<p>Chanvrier Lotois prend soin de chercher les meilleures vari\u00e9t\u00e9s pour votre bien-\u00eatre et pour votre go\u00fbt. D&rsquo;une part, les producteurs adaptent leur itin\u00e9raire technique \u00e0 chaque graine s\u00e9lectionn\u00e9e dans les catalogues officiels de semenciers pour obtenir un r\u00e9sultat optimal. D&rsquo;autre part, ils travaillent avec des co-producteurs, conscients de l&rsquo;apport des diff\u00e9rents sols sur les saveurs. Tout en restant occitan, <a href=\"https:\/\/www.chanvrier-lotois.com\/index.php\/2023\/03\/08\/5-raisons-de-choisir-du-cbd-francais\/\" target=\"_blank\" rel=\"noopener\">les terroirs<\/a> comme pour les vins sont vari\u00e9s (causse calcaire, vall\u00e9e fluviale&#8230;). Ils apportent des possibles et de la richesse dans la production.<\/p>\n<h3>Le chanvre bien-\u00eatre fran\u00e7ais<\/h3>\n<p>L&rsquo;enjeu environnemental est aussi au c\u0153ur de cette d\u00e9marche. Le chanvre permet aux agriculteurs partenaires de faire une belle rotation des cultures et le cannabis sativa est particuli\u00e8rement efficace pour a\u00e9rer les sols gr\u00e2ce \u00e0 des racines en forme de spirale. Elle est, en plus, peu gourmande en eau, un bien qui deviendra pr\u00e9cieux dans les ann\u00e9es \u00e0 venir.<\/p>\n<p>Lorsque l&rsquo;on fait des exp\u00e9rimentations et des d\u00e9couvertes dans le domaine de la phytoth\u00e9rapie, il est important que le partage du savoir se fasse \u00e0 la source. C&rsquo;est pour cela que Chanvrier Lotois tient \u00e0 accompagner les co-producteurs pour \u00e9changer sur les pratiques et sur <a href=\"https:\/\/www.bio46.fr\/article\/missions-et-valeurs\" target=\"_blank\" rel=\"noopener\">les valeurs de l&rsquo;agriculture biologique<\/a>. En cultivant ensemble la fleur de CBG en France, nous voulons relocaliser pour s&rsquo;assurer du d\u00e9veloppement d&rsquo;un savoir utile.<\/p>\n","protected":false},"excerpt":{"rendered":"<p><em>La Sereine<\/em> est une fleur de CBG (9 \u00e0 11%) qui porte les vertus d&rsquo;un cannabino\u00efde aussi pr\u00e9cieux que le CBD . Avec ses notes de menthe poivr\u00e9e et de s\u00e8ve de pin, <em>La Sereine<\/em> est fra\u00eeche en bouche et puissamment r\u00e9confortante ! Un produit certifi\u00e9 100% naturel, sans terp\u00e8nes ni CBG synth\u00e9tique ajout\u00e9.<\/p>\n","protected":false},"featured_media":3299,"comment_status":"open","ping_status":"closed","template":"","meta":{"_monsterinsights_skip_tracking":false,"_monsterinsights_sitenote_active":false,"_monsterinsights_sitenote_note":"","_monsterinsights_sitenote_category":0,"neve_meta_sidebar":"","neve_meta_container":"","neve_meta_enable_content_width":"","neve_meta_content_width":0,"neve_meta_title_alignment":"","neve_meta_author_avatar":"","neve_post_elements_order":"","neve_meta_disable_header":"","neve_meta_disable_footer":"","neve_meta_disable_title":"","_themeisle_gutenberg_block_has_review":false},"product_brand":[],"product_cat":[33],"product_tag":[37,38],"class_list":{"0":"post-369","1":"product","2":"type-product","3":"status-publish","4":"has-post-thumbnail","6":"product_cat-les-fleurs-de-cbd","7":"product_tag-fleurs-cbd-france","8":"product_tag-production-bio","10":"first","11":"instock","12":"taxable","13":"shipping-taxable","14":"purchasable","15":"product-type-variable","16":"has-default-attributes"},"aioseo_notices":[],"jetpack-related-posts":[{"id":3703,"url":"https:\/\/www.chanvrier-lotois.com\/index.php\/produit\/cbd-cbg-huile-15\/","url_meta":{"origin":369,"position":0},"title":"CBD &#8211; CBG &#8211; huile 15%","author":"Lauriane Beucher","date":"13 mars 2025","format":false,"excerpt":"L'huile de CBD - CBG 15 % r\u00e9sulte d'une r\u00e9colte de fleurs de qualit\u00e9. Vos demandes d'un produit plus puissant et le savoir-faire acquis nous ont permis d'\u00e9laborer une huile plus concentr\u00e9e en cannabino\u00efdes. Compos\u00e9e exclusivement de chanvre cultiv\u00e9 en agriculture biologique sur des parcelles d'Occitanie, l'huile de CBD-CBG est\u2026","rel":"","context":"Avec 1 commentaire","block_context":{"text":"Avec 1 commentaire","link":"https:\/\/www.chanvrier-lotois.com\/index.php\/produit\/cbd-cbg-huile-15\/#comments"},"img":{"alt_text":"","src":"https:\/\/i0.wp.com\/www.chanvrier-lotois.com\/wp-content\/uploads\/2025\/03\/7-1.webp?fit=800%2C800&quality=100&ssl=1&resize=350%2C200","width":350,"height":200,"srcset":"https:\/\/i0.wp.com\/www.chanvrier-lotois.com\/wp-content\/uploads\/2025\/03\/7-1.webp?fit=800%2C800&quality=100&ssl=1&resize=350%2C200 1x, https:\/\/i0.wp.com\/www.chanvrier-lotois.com\/wp-content\/uploads\/2025\/03\/7-1.webp?fit=800%2C800&quality=100&ssl=1&resize=525%2C300 1.5x, https:\/\/i0.wp.com\/www.chanvrier-lotois.com\/wp-content\/uploads\/2025\/03\/7-1.webp?fit=800%2C800&quality=100&ssl=1&resize=700%2C400 2x"},"classes":[]},{"id":1237,"url":"https:\/\/www.chanvrier-lotois.com\/index.php\/produit\/huile-de-cbg-10\/","url_meta":{"origin":369,"position":1},"title":"CBG &#8211; huile 10%","author":"Lauriane Beucher","date":"1 juin 2023","format":false,"excerpt":"Avec l'huile de CBG 10%, Chanvrier Lotois vous propose un produit haut de gamme qui suit les avanc\u00e9es scientifiques sur les bienfaits de cannabino\u00efdes. Compos\u00e9e exclusivement de chanvre cultiv\u00e9 en agriculture biologique sur des parcelles d'Occitanie, l'huile de CBG est saine et ne contient pas d'isolat chimique. Le travail avec\u2026","rel":"","context":"Avec 6 commentaires","block_context":{"text":"Avec 6 commentaires","link":"https:\/\/www.chanvrier-lotois.com\/index.php\/produit\/huile-de-cbg-10\/#comments"},"img":{"alt_text":"","src":"https:\/\/i0.wp.com\/www.chanvrier-lotois.com\/wp-content\/uploads\/2023\/06\/11-jpg.webp?fit=1108%2C1108&quality=100&ssl=1&resize=350%2C200","width":350,"height":200,"srcset":"https:\/\/i0.wp.com\/www.chanvrier-lotois.com\/wp-content\/uploads\/2023\/06\/11-jpg.webp?fit=1108%2C1108&quality=100&ssl=1&resize=350%2C200 1x, https:\/\/i0.wp.com\/www.chanvrier-lotois.com\/wp-content\/uploads\/2023\/06\/11-jpg.webp?fit=1108%2C1108&quality=100&ssl=1&resize=525%2C300 1.5x, https:\/\/i0.wp.com\/www.chanvrier-lotois.com\/wp-content\/uploads\/2023\/06\/11-jpg.webp?fit=1108%2C1108&quality=100&ssl=1&resize=700%2C400 2x, https:\/\/i0.wp.com\/www.chanvrier-lotois.com\/wp-content\/uploads\/2023\/06\/11-jpg.webp?fit=1108%2C1108&quality=100&ssl=1&resize=1050%2C600 3x"},"classes":[]},{"id":2825,"url":"https:\/\/www.chanvrier-lotois.com\/index.php\/produit\/fleur-de-cbd-la-tropicale-recolte-2023\/","url_meta":{"origin":369,"position":2},"title":"Fleur de CBD \u00ab\u00a0La Tropicale\u00a0\u00bb &#8211; r\u00e9colte 2025","author":"Lauriane Beucher","date":"15 ao\u00fbt 2024","format":false,"excerpt":"La Tropicale est une promesse d'\u00e9vasion. Avant de savourer ses ar\u00f4mes sucr\u00e9s de p\u00eache et de bonbon, on pose ses valises et on s'installe confortablement. Il ne reste plus qu'\u00e0 appr\u00e9cier la douceur. Un produit certifi\u00e9 100% naturel, sans terp\u00e8nes ni CBD synth\u00e9tique ajout\u00e9. \u00a0","rel":"","context":"Avec 3 commentaires","block_context":{"text":"Avec 3 commentaires","link":"https:\/\/www.chanvrier-lotois.com\/index.php\/produit\/fleur-de-cbd-la-tropicale-recolte-2023\/#comments"},"img":{"alt_text":"Fleur de CBD Chanvrier Lotois","src":"https:\/\/i0.wp.com\/www.chanvrier-lotois.com\/wp-content\/uploads\/2024\/10\/Tropicale-P-Fleurs.webp?fit=800%2C800&quality=100&ssl=1&resize=350%2C200","width":350,"height":200,"srcset":"https:\/\/i0.wp.com\/www.chanvrier-lotois.com\/wp-content\/uploads\/2024\/10\/Tropicale-P-Fleurs.webp?fit=800%2C800&quality=100&ssl=1&resize=350%2C200 1x, https:\/\/i0.wp.com\/www.chanvrier-lotois.com\/wp-content\/uploads\/2024\/10\/Tropicale-P-Fleurs.webp?fit=800%2C800&quality=100&ssl=1&resize=525%2C300 1.5x, https:\/\/i0.wp.com\/www.chanvrier-lotois.com\/wp-content\/uploads\/2024\/10\/Tropicale-P-Fleurs.webp?fit=800%2C800&quality=100&ssl=1&resize=700%2C400 2x"},"classes":[]},{"id":2950,"url":"https:\/\/www.chanvrier-lotois.com\/index.php\/produit\/fleur-bio-laventuriere-recolte-2023\/","url_meta":{"origin":369,"position":3},"title":"Fleur de CBD \u00ab\u00a0L&rsquo;Aventuri\u00e8re\u00a0\u00bb &#8211; r\u00e9colte 2024","author":"Lauriane Beucher","date":"8 octobre 2024","format":false,"excerpt":"Explorez les saveurs de fruits rouges m\u00eal\u00e9es au chanvre avec L'Aventuri\u00e8re. La framboise et le cassis vous entra\u00eenent dans une promenade paisible \u00e0 travers les bois et les bosquets. Un produit certifi\u00e9 100% naturel, sans terp\u00e8nes ni CBD synth\u00e9tique ajout\u00e9. \u00a0","rel":"","context":"Avec 11 commentaires","block_context":{"text":"Avec 11 commentaires","link":"https:\/\/www.chanvrier-lotois.com\/index.php\/produit\/fleur-bio-laventuriere-recolte-2023\/#comments"},"img":{"alt_text":"Fleur bio Chanvrier Lotois","src":"https:\/\/i0.wp.com\/www.chanvrier-lotois.com\/wp-content\/uploads\/2024\/10\/Aventuriere-P-et-Fleurs.webp?fit=800%2C800&quality=100&ssl=1&resize=350%2C200","width":350,"height":200,"srcset":"https:\/\/i0.wp.com\/www.chanvrier-lotois.com\/wp-content\/uploads\/2024\/10\/Aventuriere-P-et-Fleurs.webp?fit=800%2C800&quality=100&ssl=1&resize=350%2C200 1x, https:\/\/i0.wp.com\/www.chanvrier-lotois.com\/wp-content\/uploads\/2024\/10\/Aventuriere-P-et-Fleurs.webp?fit=800%2C800&quality=100&ssl=1&resize=525%2C300 1.5x, https:\/\/i0.wp.com\/www.chanvrier-lotois.com\/wp-content\/uploads\/2024\/10\/Aventuriere-P-et-Fleurs.webp?fit=800%2C800&quality=100&ssl=1&resize=700%2C400 2x"},"classes":[]},{"id":390,"url":"https:\/\/www.chanvrier-lotois.com\/index.php\/produit\/fleur-de-cbd-la-douce-du-causse-2\/","url_meta":{"origin":369,"position":4},"title":"Fleur de CBD \u00ab\u00a0La Douce du Causse\u00a0\u00bb &#8211; r\u00e9colte 2024","author":"Lauriane Beucher","date":"2 f\u00e9vrier 2023","format":false,"excerpt":"La Douce du Causse a du caract\u00e8re mais reste toujours agr\u00e9able en bouche. Ses notes d'orange et de s\u00e8ve de pin soutiennent avec subtilit\u00e9 le go\u00fbt du chanvre ! Un produit certifi\u00e9 100% naturel, sans terp\u00e8nes ni CBD synth\u00e9tique ajout\u00e9. \u00a0","rel":"","context":"Avec 6 commentaires","block_context":{"text":"Avec 6 commentaires","link":"https:\/\/www.chanvrier-lotois.com\/index.php\/produit\/fleur-de-cbd-la-douce-du-causse-2\/#comments"},"img":{"alt_text":"Fleur de CBD","src":"https:\/\/i0.wp.com\/www.chanvrier-lotois.com\/wp-content\/uploads\/2024\/10\/Douce-P-fleurs.webp?fit=800%2C800&quality=100&ssl=1&resize=350%2C200","width":350,"height":200,"srcset":"https:\/\/i0.wp.com\/www.chanvrier-lotois.com\/wp-content\/uploads\/2024\/10\/Douce-P-fleurs.webp?fit=800%2C800&quality=100&ssl=1&resize=350%2C200 1x, https:\/\/i0.wp.com\/www.chanvrier-lotois.com\/wp-content\/uploads\/2024\/10\/Douce-P-fleurs.webp?fit=800%2C800&quality=100&ssl=1&resize=525%2C300 1.5x, https:\/\/i0.wp.com\/www.chanvrier-lotois.com\/wp-content\/uploads\/2024\/10\/Douce-P-fleurs.webp?fit=800%2C800&quality=100&ssl=1&resize=700%2C400 2x"},"classes":[]},{"id":367,"url":"https:\/\/www.chanvrier-lotois.com\/index.php\/produit\/cbd-bio-la-festive\/","url_meta":{"origin":369,"position":5},"title":"Fleur de CBD \u00ab\u00a0La Festive\u00a0\u00bb &#8211; r\u00e9colte 2024","author":"Lauriane Beucher","date":"2 f\u00e9vrier 2023","format":false,"excerpt":"La Festive est une fleur aux belles notes d'agrumes. Ses ar\u00f4mes d'orange et de citron mettent le chanvre en habit de f\u00eate !\u00a0Un produit certifi\u00e9 100% naturel, sans terp\u00e8nes ni CBD synth\u00e9tique ajout\u00e9. \u00a0","rel":"","context":"Avec 11 commentaires","block_context":{"text":"Avec 11 commentaires","link":"https:\/\/www.chanvrier-lotois.com\/index.php\/produit\/cbd-bio-la-festive\/#comments"},"img":{"alt_text":"Fleur de CBD","src":"https:\/\/i0.wp.com\/www.chanvrier-lotois.com\/wp-content\/uploads\/2024\/10\/8.webp?fit=800%2C800&quality=100&ssl=1&resize=350%2C200","width":350,"height":200,"srcset":"https:\/\/i0.wp.com\/www.chanvrier-lotois.com\/wp-content\/uploads\/2024\/10\/8.webp?fit=800%2C800&quality=100&ssl=1&resize=350%2C200 1x, https:\/\/i0.wp.com\/www.chanvrier-lotois.com\/wp-content\/uploads\/2024\/10\/8.webp?fit=800%2C800&quality=100&ssl=1&resize=525%2C300 1.5x, https:\/\/i0.wp.com\/www.chanvrier-lotois.com\/wp-content\/uploads\/2024\/10\/8.webp?fit=800%2C800&quality=100&ssl=1&resize=700%2C400 2x"},"classes":[]}],"jetpack_sharing_enabled":true,"jetpack_likes_enabled":true,"_links":{"self":[{"href":"https:\/\/www.chanvrier-lotois.com\/index.php\/wp-json\/wp\/v2\/product\/369","targetHints":{"allow":["GET"]}}],"collection":[{"href":"https:\/\/www.chanvrier-lotois.com\/index.php\/wp-json\/wp\/v2\/product"}],"about":[{"href":"https:\/\/www.chanvrier-lotois.com\/index.php\/wp-json\/wp\/v2\/types\/product"}],"replies":[{"embeddable":true,"href":"https:\/\/www.chanvrier-lotois.com\/index.php\/wp-json\/wp\/v2\/comments?post=369"}],"wp:featuredmedia":[{"embeddable":true,"href":"https:\/\/www.chanvrier-lotois.com\/index.php\/wp-json\/wp\/v2\/media\/3299"}],"wp:attachment":[{"href":"https:\/\/www.chanvrier-lotois.com\/index.php\/wp-json\/wp\/v2\/media?parent=369"}],"wp:term":[{"taxonomy":"product_brand","embeddable":true,"href":"https:\/\/www.chanvrier-lotois.com\/index.php\/wp-json\/wp\/v2\/product_brand?post=369"},{"taxonomy":"product_cat","embeddable":true,"href":"https:\/\/www.chanvrier-lotois.com\/index.php\/wp-json\/wp\/v2\/product_cat?post=369"},{"taxonomy":"product_tag","embeddable":true,"href":"https:\/\/www.chanvrier-lotois.com\/index.php\/wp-json\/wp\/v2\/product_tag?post=369"}],"curies":[{"name":"wp","href":"https:\/\/api.w.org\/{rel}","templated":true}]}}