{"id":363,"date":"2023-02-01T18:20:54","date_gmt":"2023-02-01T17:20:54","guid":{"rendered":"https:\/\/www.chanvrier-lotois.com\/?post_type=product&#038;p=363"},"modified":"2025-05-26T11:04:27","modified_gmt":"2025-05-26T09:04:27","slug":"infusion-pour-lequilibre-feminin-chanvrier-lotois","status":"publish","type":"product","link":"https:\/\/www.chanvrier-lotois.com\/index.php\/produit\/infusion-pour-lequilibre-feminin-chanvrier-lotois\/","title":{"rendered":"Infusion au chanvre \u00ab\u00a0Triangle noir\u00a0\u00bb"},"content":{"rendered":"<h1>Pourquoi choisir notre tisane au CBD pour l&rsquo;\u00e9quilibre f\u00e9minin \u00ab\u00a0Triangle noir\u00a0\u00bb ?<\/h1>\n<ul>\n<li>Parce que la mol\u00e9cule de CBD agit sur votre syst\u00e8me endocannabino\u00efde qui r\u00e9gule les cycles menstruels.<\/li>\n<li>Parce que le CBD est un antalgique naturel qui soulage les r\u00e8gles douloureuses et les sympt\u00f4mes de l&rsquo;endom\u00e9triose.<\/li>\n<li>Parce que chacune des plantes ajout\u00e9es en synergie travaille sur votre \u00e9quilibre f\u00e9minin.<\/li>\n<li>Parce que la recette a \u00e9t\u00e9 faite avec go\u00fbt et que les saveurs s&rsquo;associent \u00e0 merveille.\u00a0La torr\u00e9faction des fleurs et feuilles de chanvre permet non seulement une meilleure assimilation du CBD mais aussi d&rsquo;\u00e9liminer le go\u00fbt piquant souvent d\u00e9sagr\u00e9able.<\/li>\n<\/ul>\n<h2>Le petit plus dans votre tisani\u00e8re :<\/h2>\n<p>La mol\u00e9cule de CBD s&rsquo;assimile mieux avec un support lipidique. Nous vous conseillons d&rsquo;ajouter un nuage de lait \u00e0 votre infusion pour un meilleur effet.<\/p>\n<p>Une pinc\u00e9e du m\u00e9lange suffit pour faire une belle tasse d&rsquo;infusion.<\/p>\n<h2>La synergie des plantes dans votre tisane CBD pour l&rsquo;\u00e9quilibre f\u00e9minin<\/h2>\n<p>Chanvrier Lotois tisse des liens sur son territoire en mettant \u00e0 contribution toutes les comp\u00e9tences. Pour nos recettes, nous avons d\u00e9cid\u00e9 de faire appel \u00e0 des herboristes et <a href=\"https:\/\/www.chanvrier-lotois.com\/index.php\/savoir-faire\/\" target=\"_blank\" rel=\"noopener\">pr\u00e9paratrices de tisanes expertes<\/a>, install\u00e9es sur le Causse en agriculture certifi\u00e9e biologique.<\/p>\n<h3>Soulagez vos douleurs menstruelles gr\u00e2ce au CBD cultiv\u00e9 \u00e0 Toulouse<\/h3>\n<p>Elles ont utilis\u00e9 leurs connaissances en vertus des fleurs et plantes autant que leur palais pour obtenir ces d\u00e9licieux m\u00e9langes. L&rsquo;expertise en phytoth\u00e9rapie de Chanvrier Lotois \u00e9volue gr\u00e2ce \u00e0 ces partenariats. Nous \u00e9changeons avec des sp\u00e9cialistes et des producteurs qui ont \u00e0 c\u0153ur la qualit\u00e9, pour proposer une gamme qui vous correspond.<\/p>\n<h3>Les bienfaits du CBD bio fran\u00e7ais pour un cycle serein<\/h3>\n<p>La recette \u00ab\u00a0Triangle noir\u00a0\u00bb a inspir\u00e9 la graphiste et illustratrice <a href=\"https:\/\/loucatyou.com\/\" target=\"_blank\" rel=\"noopener\">Loucatyou <\/a>install\u00e9e dans le Lot. En plusieurs lieux, le Causse est vierge de toute pollution lumineuse et on y observe des ciels \u00e9toil\u00e9s extraordinaires. On peut aussi scruter la lune au t\u00e9lescope ou danser dessous pour se reconnecter avec ses \u00e9nergies f\u00e9minines. Une infusion au chanvre n&rsquo;est jamais de trop pour profiter du spectacle c\u00e9leste.<\/p>\n","protected":false},"excerpt":{"rendered":"<p><em>Triangle noir\u00a0<\/em>est la tisane au CBD pour l&rsquo;\u00e9quilibre f\u00e9minin de Chanvrier Lotois. La recette \u00e9labor\u00e9e avec des herboristes cr\u00e9e une synergie entre le chanvre et des plantes vertueuses pour retrouver l&rsquo;harmonie avec son cycle. Les parcelles cultiv\u00e9es en agriculture biologique sont situ\u00e9es dans le triangle noir du Lot qui offre des nuits de pleine lune \u00e9tincelante.<\/p>\n","protected":false},"featured_media":2596,"comment_status":"open","ping_status":"closed","template":"","meta":{"_monsterinsights_skip_tracking":false,"_monsterinsights_sitenote_active":false,"_monsterinsights_sitenote_note":"","_monsterinsights_sitenote_category":0,"neve_meta_sidebar":"","neve_meta_container":"","neve_meta_enable_content_width":"","neve_meta_content_width":0,"neve_meta_title_alignment":"","neve_meta_author_avatar":"","neve_post_elements_order":"","neve_meta_disable_header":"","neve_meta_disable_footer":"","neve_meta_disable_title":"","_themeisle_gutenberg_block_has_review":false},"product_brand":[],"product_cat":[32],"product_tag":[39,38,36],"class_list":{"0":"post-363","1":"product","2":"type-product","3":"status-publish","4":"has-post-thumbnail","6":"product_cat-infusions-au-cbd-bio","7":"product_tag-infusion-cbd","8":"product_tag-production-bio","9":"product_tag-produit-en-occitanie","11":"first","12":"instock","13":"taxable","14":"shipping-taxable","15":"purchasable","16":"product-type-simple"},"aioseo_notices":[],"jetpack-related-posts":[{"id":366,"url":"https:\/\/www.chanvrier-lotois.com\/index.php\/produit\/infusion-chai\/","url_meta":{"origin":363,"position":0},"title":"Infusion au chanvre \u00ab\u00a0Pouvoir du Chai\u00a0\u00bb","author":"Lauriane Beucher","date":"2 f\u00e9vrier 2023","format":false,"excerpt":"Pouvoir du Chai est l'infusion au CBD de Chanvrier Lotois qui a l'audace de vous faire voyager gr\u00e2ce \u00e0 son m\u00e9lange d'\u00e9pices. La recette \u00e9labor\u00e9e avec des herboristes cr\u00e9e une synergie entre le chanvre et des plantes qui renforcent naturellement les d\u00e9fenses immunitaire. Que ce soit le chanvre cultiv\u00e9 dans\u2026","rel":"","context":"Avec 4 commentaires","block_context":{"text":"Avec 4 commentaires","link":"https:\/\/www.chanvrier-lotois.com\/index.php\/produit\/infusion-chai\/#comments"},"img":{"alt_text":"infusions CBD bio","src":"https:\/\/i0.wp.com\/www.chanvrier-lotois.com\/wp-content\/uploads\/2023\/06\/16-jpg.webp?fit=1108%2C1108&quality=100&ssl=1&resize=350%2C200","width":350,"height":200,"srcset":"https:\/\/i0.wp.com\/www.chanvrier-lotois.com\/wp-content\/uploads\/2023\/06\/16-jpg.webp?fit=1108%2C1108&quality=100&ssl=1&resize=350%2C200 1x, https:\/\/i0.wp.com\/www.chanvrier-lotois.com\/wp-content\/uploads\/2023\/06\/16-jpg.webp?fit=1108%2C1108&quality=100&ssl=1&resize=525%2C300 1.5x, https:\/\/i0.wp.com\/www.chanvrier-lotois.com\/wp-content\/uploads\/2023\/06\/16-jpg.webp?fit=1108%2C1108&quality=100&ssl=1&resize=700%2C400 2x, https:\/\/i0.wp.com\/www.chanvrier-lotois.com\/wp-content\/uploads\/2023\/06\/16-jpg.webp?fit=1108%2C1108&quality=100&ssl=1&resize=1050%2C600 3x"},"classes":[]},{"id":365,"url":"https:\/\/www.chanvrier-lotois.com\/index.php\/produit\/infusion-pour-le-sommeil-chanvrier-lotois\/","url_meta":{"origin":363,"position":1},"title":"Infusion au chanvre \u00ab\u00a0Belle \u00e9toile\u00a0\u00bb","author":"Lauriane Beucher","date":"1 f\u00e9vrier 2023","format":false,"excerpt":"Belle \u00e9toile est l'infusion au CBD de Chanvrier Lotois con\u00e7ue pour retrouver un sommeil harmonieux et r\u00e9parateur. La recette \u00e9labor\u00e9e avec des herboristes cr\u00e9e une synergie entre le chanvre et des plantes favorables \u00e0 l'endormissement et \u00e0 la d\u00e9tente. Des parcelles cultiv\u00e9es en agriculture biologique, on peut compter les moutons\u2026","rel":"","context":"Avec 4 commentaires","block_context":{"text":"Avec 4 commentaires","link":"https:\/\/www.chanvrier-lotois.com\/index.php\/produit\/infusion-pour-le-sommeil-chanvrier-lotois\/#comments"},"img":{"alt_text":"infusion au chanvre sommeil Cahors","src":"https:\/\/i0.wp.com\/www.chanvrier-lotois.com\/wp-content\/uploads\/2023\/02\/12.webp?fit=800%2C800&quality=100&ssl=1&resize=350%2C200","width":350,"height":200,"srcset":"https:\/\/i0.wp.com\/www.chanvrier-lotois.com\/wp-content\/uploads\/2023\/02\/12.webp?fit=800%2C800&quality=100&ssl=1&resize=350%2C200 1x, https:\/\/i0.wp.com\/www.chanvrier-lotois.com\/wp-content\/uploads\/2023\/02\/12.webp?fit=800%2C800&quality=100&ssl=1&resize=525%2C300 1.5x, https:\/\/i0.wp.com\/www.chanvrier-lotois.com\/wp-content\/uploads\/2023\/02\/12.webp?fit=800%2C800&quality=100&ssl=1&resize=700%2C400 2x"},"classes":[]},{"id":2138,"url":"https:\/\/www.chanvrier-lotois.com\/index.php\/produit\/infusion-au-chanvre-elixir-dhiver\/","url_meta":{"origin":363,"position":2},"title":"Infusion au chanvre \u00ab\u00a0\u00c9lixir d&rsquo;hiver\u00a0\u00bb","author":"Lauriane Beucher","date":"19 janvier 2024","format":false,"excerpt":"\u00c9lixir d'hiver est l'infusion au CBD de Chanvrier Lotois qui r\u00e9chauffe votre hiver gr\u00e2ce \u00e0 ses \u00e9pices soigneusement choisies. La recette \u00e9labor\u00e9e avec des herboristes cr\u00e9e une synergie entre le chanvre et des plantes qui aident \u00e0 r\u00e9guler la temp\u00e9rature du corps et renforcent les d\u00e9fenses immunitaire. Que ce soit\u2026","rel":"","context":"Avec 7 commentaires","block_context":{"text":"Avec 7 commentaires","link":"https:\/\/www.chanvrier-lotois.com\/index.php\/produit\/infusion-au-chanvre-elixir-dhiver\/#comments"},"img":{"alt_text":"infusion Elixir d'hiver","src":"https:\/\/i0.wp.com\/www.chanvrier-lotois.com\/wp-content\/uploads\/2024\/10\/Elixir.webp?fit=800%2C800&quality=100&ssl=1&resize=350%2C200","width":350,"height":200,"srcset":"https:\/\/i0.wp.com\/www.chanvrier-lotois.com\/wp-content\/uploads\/2024\/10\/Elixir.webp?fit=800%2C800&quality=100&ssl=1&resize=350%2C200 1x, https:\/\/i0.wp.com\/www.chanvrier-lotois.com\/wp-content\/uploads\/2024\/10\/Elixir.webp?fit=800%2C800&quality=100&ssl=1&resize=525%2C300 1.5x, https:\/\/i0.wp.com\/www.chanvrier-lotois.com\/wp-content\/uploads\/2024\/10\/Elixir.webp?fit=800%2C800&quality=100&ssl=1&resize=700%2C400 2x"},"classes":[]},{"id":364,"url":"https:\/\/www.chanvrier-lotois.com\/index.php\/produit\/infusion-speciale-detente-au-chanvre\/","url_meta":{"origin":363,"position":3},"title":"Infusion au chanvre \u00ab\u00a0Apr\u00e8s l&rsquo;effort\u00a0\u00bb","author":"Lauriane Beucher","date":"1 f\u00e9vrier 2023","format":false,"excerpt":"Apr\u00e8s l'effort est l'infusion au CBD sp\u00e9ciale d\u00e9tente de Chanvrier Lotois, \u00e0 boire apr\u00e8s une s\u00e9ance de sport ou une journ\u00e9e stressante. La recette \u00e9labor\u00e9e avec des herboristes cr\u00e9e une synergie entre le chanvre et des plantes favorisant la relaxation. Les parcelles cultiv\u00e9es en agriculture biologique sont situ\u00e9es dans la\u2026","rel":"","context":"Avec 6 commentaires","block_context":{"text":"Avec 6 commentaires","link":"https:\/\/www.chanvrier-lotois.com\/index.php\/produit\/infusion-speciale-detente-au-chanvre\/#comments"},"img":{"alt_text":"","src":"https:\/\/i0.wp.com\/www.chanvrier-lotois.com\/wp-content\/uploads\/2023\/06\/13-jpg.webp?fit=1108%2C1108&quality=100&ssl=1&resize=350%2C200","width":350,"height":200,"srcset":"https:\/\/i0.wp.com\/www.chanvrier-lotois.com\/wp-content\/uploads\/2023\/06\/13-jpg.webp?fit=1108%2C1108&quality=100&ssl=1&resize=350%2C200 1x, https:\/\/i0.wp.com\/www.chanvrier-lotois.com\/wp-content\/uploads\/2023\/06\/13-jpg.webp?fit=1108%2C1108&quality=100&ssl=1&resize=525%2C300 1.5x, https:\/\/i0.wp.com\/www.chanvrier-lotois.com\/wp-content\/uploads\/2023\/06\/13-jpg.webp?fit=1108%2C1108&quality=100&ssl=1&resize=700%2C400 2x, https:\/\/i0.wp.com\/www.chanvrier-lotois.com\/wp-content\/uploads\/2023\/06\/13-jpg.webp?fit=1108%2C1108&quality=100&ssl=1&resize=1050%2C600 3x"},"classes":[]},{"id":2977,"url":"https:\/\/www.chanvrier-lotois.com\/index.php\/produit\/infusion-froide-zeste-de-fraicheur-cbd\/","url_meta":{"origin":363,"position":4},"title":"Infusion froide au chanvre \u00ab\u00a0Zeste de fraicheur\u00a0\u00bb","author":"Lauriane Beucher","date":"8 octobre 2024","format":false,"excerpt":"La tisane froide au CBD Zeste de fra\u00eecheur\u00a0est un savant m\u00e9lange de d\u00e9tente de d'\u00e9nergie positive. Cette synergie bio vous offre une boisson fra\u00eeche originale.","rel":"","context":"Avec 2 commentaires","block_context":{"text":"Avec 2 commentaires","link":"https:\/\/www.chanvrier-lotois.com\/index.php\/produit\/infusion-froide-zeste-de-fraicheur-cbd\/#comments"},"img":{"alt_text":"Infusion froide chanvre","src":"https:\/\/i0.wp.com\/www.chanvrier-lotois.com\/wp-content\/uploads\/2024\/10\/Zeste-fraicheur.webp?fit=800%2C800&quality=100&ssl=1&resize=350%2C200","width":350,"height":200,"srcset":"https:\/\/i0.wp.com\/www.chanvrier-lotois.com\/wp-content\/uploads\/2024\/10\/Zeste-fraicheur.webp?fit=800%2C800&quality=100&ssl=1&resize=350%2C200 1x, https:\/\/i0.wp.com\/www.chanvrier-lotois.com\/wp-content\/uploads\/2024\/10\/Zeste-fraicheur.webp?fit=800%2C800&quality=100&ssl=1&resize=525%2C300 1.5x, https:\/\/i0.wp.com\/www.chanvrier-lotois.com\/wp-content\/uploads\/2024\/10\/Zeste-fraicheur.webp?fit=800%2C800&quality=100&ssl=1&resize=700%2C400 2x"},"classes":[]},{"id":2974,"url":"https:\/\/www.chanvrier-lotois.com\/index.php\/produit\/infusion-froide-entre-causses-et-tropiques\/","url_meta":{"origin":363,"position":5},"title":"Infusion froide au chanvre \u00ab\u00a0Entre Causses et Tropiques\u00a0\u00bb","author":"Lauriane Beucher","date":"8 octobre 2024","format":false,"excerpt":"La tisane froide au CBD Entre Causse et Tropiques m\u00eale la fleur de chanvre bio cultiv\u00e9e dans le Lot avec des plantes exotiques pour cr\u00e9er une boisson relaxante et rafra\u00eechissante. Go\u00fbtez au plaisir de ce voyage !","rel":"","context":"Avec 3 commentaires","block_context":{"text":"Avec 3 commentaires","link":"https:\/\/www.chanvrier-lotois.com\/index.php\/produit\/infusion-froide-entre-causses-et-tropiques\/#comments"},"img":{"alt_text":"infusion froide CBD Cahors","src":"https:\/\/i0.wp.com\/www.chanvrier-lotois.com\/wp-content\/uploads\/2024\/10\/Causse-Tropiques-1.webp?fit=800%2C800&quality=100&ssl=1&resize=350%2C200","width":350,"height":200,"srcset":"https:\/\/i0.wp.com\/www.chanvrier-lotois.com\/wp-content\/uploads\/2024\/10\/Causse-Tropiques-1.webp?fit=800%2C800&quality=100&ssl=1&resize=350%2C200 1x, https:\/\/i0.wp.com\/www.chanvrier-lotois.com\/wp-content\/uploads\/2024\/10\/Causse-Tropiques-1.webp?fit=800%2C800&quality=100&ssl=1&resize=525%2C300 1.5x, https:\/\/i0.wp.com\/www.chanvrier-lotois.com\/wp-content\/uploads\/2024\/10\/Causse-Tropiques-1.webp?fit=800%2C800&quality=100&ssl=1&resize=700%2C400 2x"},"classes":[]}],"jetpack_sharing_enabled":true,"jetpack_likes_enabled":true,"_links":{"self":[{"href":"https:\/\/www.chanvrier-lotois.com\/index.php\/wp-json\/wp\/v2\/product\/363","targetHints":{"allow":["GET"]}}],"collection":[{"href":"https:\/\/www.chanvrier-lotois.com\/index.php\/wp-json\/wp\/v2\/product"}],"about":[{"href":"https:\/\/www.chanvrier-lotois.com\/index.php\/wp-json\/wp\/v2\/types\/product"}],"replies":[{"embeddable":true,"href":"https:\/\/www.chanvrier-lotois.com\/index.php\/wp-json\/wp\/v2\/comments?post=363"}],"wp:featuredmedia":[{"embeddable":true,"href":"https:\/\/www.chanvrier-lotois.com\/index.php\/wp-json\/wp\/v2\/media\/2596"}],"wp:attachment":[{"href":"https:\/\/www.chanvrier-lotois.com\/index.php\/wp-json\/wp\/v2\/media?parent=363"}],"wp:term":[{"taxonomy":"product_brand","embeddable":true,"href":"https:\/\/www.chanvrier-lotois.com\/index.php\/wp-json\/wp\/v2\/product_brand?post=363"},{"taxonomy":"product_cat","embeddable":true,"href":"https:\/\/www.chanvrier-lotois.com\/index.php\/wp-json\/wp\/v2\/product_cat?post=363"},{"taxonomy":"product_tag","embeddable":true,"href":"https:\/\/www.chanvrier-lotois.com\/index.php\/wp-json\/wp\/v2\/product_tag?post=363"}],"curies":[{"name":"wp","href":"https:\/\/api.w.org\/{rel}","templated":true}]}}