{"id":356,"date":"2023-01-28T15:03:33","date_gmt":"2023-01-28T14:03:33","guid":{"rendered":"https:\/\/www.chanvrier-lotois.com\/index.php\/produit\/hoodie-with-logo\/"},"modified":"2026-01-20T22:06:15","modified_gmt":"2026-01-20T21:06:15","slug":"huile-de-cbd-5","status":"publish","type":"product","link":"https:\/\/www.chanvrier-lotois.com\/index.php\/produit\/huile-de-cbd-5\/","title":{"rendered":"CBD &#8211; huile 5%"},"content":{"rendered":"<h1>Pourquoi choisir notre huile de CBD 5% ?<\/h1>\n<ul>\n<li>Parce que l&rsquo;extrait agit sur votre syst\u00e8me endocannabino\u00efde pour que vous retrouviez un sommeil serein et r\u00e9parateur.<\/li>\n<li>Parce que le CBD est un anxiolytique naturel qui vous permet de mieux g\u00e9rer votre stress.<\/li>\n<li>Parce que la propri\u00e9t\u00e9 anti-inflammatoire de cette huile favorise la r\u00e9cup\u00e9ration musculaire apr\u00e8s une s\u00e9ance de sport.<\/li>\n<li>Parce que le CBD agit comme un antalgique lorsque vous avez des douleurs passag\u00e8res.<\/li>\n<\/ul>\n<h2>Conseils d&rsquo;utilisation :<\/h2>\n<ul>\n<li>Bien agiter avant l&#8217;emploi.<\/li>\n<li>D\u00e9poser le nombre de gouttes souhait\u00e9es sous la langue pendant 60 secondes avant d&rsquo;avaler.<\/li>\n<li>Renouveler les doses selon ses besoins. (cf. Dosage)<\/li>\n<\/ul>\n<h2>Une huile de CBD 5% de qualit\u00e9 :<\/h2>\n<p>\u00c0 chaque \u00e9tape de la fabrication, Chanvrier Lotois a pris l&rsquo;option du meilleur pour obtenir cette huile. Les g\u00e9n\u00e9tiques sont consciencieusement choisies pour ne pas d\u00e9passer les taux de THC l\u00e9gaux lors de l&rsquo;extraction. Nous cultivons les plantes en agriculture biologique. L&rsquo;huile de graines de chanvre bio, press\u00e9e \u00e0 froid, qui sert de support \u00e0 l&rsquo;extrait est produite en Occitanie.<\/p>\n<h3>Soulager ses douleurs gr\u00e2ce au CBD cultiv\u00e9 pr\u00e8s de Figeac<\/h3>\n<p>Nous travaillons avec un laboratoire aux normes pharmaceutiques pour l&rsquo;extraction. Il s&rsquo;agit d&rsquo;un spectre complet obtenu gr\u00e2ce \u00e0 la technologie de pointe en phytoth\u00e9rapie au <a href=\"https:\/\/fr.wikipedia.org\/wiki\/Extraction_par_un_fluide_supercritique\" target=\"_blank\" rel=\"noopener\">CO2 supercritique<\/a>. Ainsi les meilleures propri\u00e9t\u00e9s de la plante sont pr\u00e9serv\u00e9es. L&rsquo;extrait est filtr\u00e9 pour \u00e9viter le d\u00e9sagr\u00e9ment des cires en bouche. La d\u00e9carboxylation favorise l&rsquo;assimilation de la mol\u00e9cule de CBD \u00e0 court et long terme.<\/p>\n<h3>La garantie d&rsquo;une huile de CBD haut-de-gamme produite dans le Lot<\/h3>\n<p>Nous faisons analyser notre produit dans des laboratoires certifi\u00e9s pour en assurer la composition. D&rsquo;une part, le taux de THC inf\u00e9rieur \u00e0 0,3% est ainsi garanti. D&rsquo;autre part, nous pouvons fournir \u00e0 <a href=\"https:\/\/www.chanvrier-lotois.com\/index.php\/les-points-de-vente\/\" target=\"_blank\" rel=\"noopener\">nos points de vente partenaires<\/a> la liste exacte des cannabino\u00efdes pr\u00e9sents dans nos huiles de CBD. C&rsquo;est la preuve qu&rsquo;il s&rsquo;agit bien l\u00e0 d&rsquo;un spectre complet et qu&rsquo;aucun isolat chimique de CBD n&rsquo;est ajout\u00e9 dans nos produits Chanvrier Lotois.<\/p>\n<p>&nbsp;<\/p>\n","protected":false},"excerpt":{"rendered":"<p>L&rsquo;huile de CBD 5% de Chanvrier Lotois est la preuve qu&rsquo;une production 100 % naturelle peut atteindre le haut de gamme. Compos\u00e9e exclusivement de chanvre cultiv\u00e9 en agriculture biologique sur des parcelles d&rsquo;Occitanie, elle est saine et pr\u00e9sente une parfaite tra\u00e7abilit\u00e9. L&rsquo;extrait de CBD est obtenu gr\u00e2ce \u00e0 <a href=\"https:\/\/www.chanvrier-lotois.com\/index.php\/savoir-faire\/\">une technologie de pointe respectueuse de la plante<\/a> et passe par une \u00e9tape de d\u00e9carboxylation. Cette huile sublinguale offre un spectre complet de cannabino\u00efdes qui agit imm\u00e9diatement et sur le long terme pour soulager vos sympt\u00f4mes.<\/p>\n","protected":false},"featured_media":2610,"comment_status":"open","ping_status":"closed","template":"","meta":{"_monsterinsights_skip_tracking":false,"_monsterinsights_sitenote_active":false,"_monsterinsights_sitenote_note":"","_monsterinsights_sitenote_category":0,"neve_meta_sidebar":"","neve_meta_container":"","neve_meta_enable_content_width":"","neve_meta_content_width":0,"neve_meta_title_alignment":"","neve_meta_author_avatar":"","neve_post_elements_order":"","neve_meta_disable_header":"","neve_meta_disable_footer":"","neve_meta_disable_title":"","_themeisle_gutenberg_block_has_review":false},"product_brand":[],"product_cat":[31],"product_tag":[34,35,36],"class_list":{"0":"post-356","1":"product","2":"type-product","3":"status-publish","4":"has-post-thumbnail","6":"product_cat-les-huiles-de-cbd","7":"product_tag-huile-de-cbd-bio","8":"product_tag-phytotherapie","9":"product_tag-produit-en-occitanie","11":"first","12":"instock","13":"taxable","14":"shipping-taxable","15":"purchasable","16":"product-type-simple"},"aioseo_notices":[],"jetpack-related-posts":[{"id":1236,"url":"https:\/\/www.chanvrier-lotois.com\/index.php\/produit\/huile-de-cbd-10-copie\/","url_meta":{"origin":356,"position":0},"title":"CBD &#8211; huile 10%","author":"Lauriane Beucher","date":"1 juin 2023","format":false,"excerpt":"Pour l'huile de CBD 10%, Chanvrier Lotois n'a pas forc\u00e9 la nature pour obtenir un produit haut de gamme. Compos\u00e9e exclusivement de chanvre cultiv\u00e9 en agriculture biologique sur des parcelles d'Occitanie, l'huile de CBD est saine, ne contient pas d'isolat et pr\u00e9sente une parfaite tra\u00e7abilit\u00e9. L'extrait de CBD est obtenu\u2026","rel":"","context":"Avec 9 commentaires","block_context":{"text":"Avec 9 commentaires","link":"https:\/\/www.chanvrier-lotois.com\/index.php\/produit\/huile-de-cbd-10-copie\/#comments"},"img":{"alt_text":"huile 10% CBD","src":"https:\/\/i0.wp.com\/www.chanvrier-lotois.com\/wp-content\/uploads\/2023\/06\/19-jpg.webp?fit=1108%2C1108&quality=100&ssl=1&resize=350%2C200","width":350,"height":200,"srcset":"https:\/\/i0.wp.com\/www.chanvrier-lotois.com\/wp-content\/uploads\/2023\/06\/19-jpg.webp?fit=1108%2C1108&quality=100&ssl=1&resize=350%2C200 1x, https:\/\/i0.wp.com\/www.chanvrier-lotois.com\/wp-content\/uploads\/2023\/06\/19-jpg.webp?fit=1108%2C1108&quality=100&ssl=1&resize=525%2C300 1.5x, https:\/\/i0.wp.com\/www.chanvrier-lotois.com\/wp-content\/uploads\/2023\/06\/19-jpg.webp?fit=1108%2C1108&quality=100&ssl=1&resize=700%2C400 2x, https:\/\/i0.wp.com\/www.chanvrier-lotois.com\/wp-content\/uploads\/2023\/06\/19-jpg.webp?fit=1108%2C1108&quality=100&ssl=1&resize=1050%2C600 3x"},"classes":[]},{"id":3703,"url":"https:\/\/www.chanvrier-lotois.com\/index.php\/produit\/cbd-cbg-huile-15\/","url_meta":{"origin":356,"position":1},"title":"CBD &#8211; CBG &#8211; huile 15%","author":"Lauriane Beucher","date":"13 mars 2025","format":false,"excerpt":"L'huile de CBD - CBG 15 % r\u00e9sulte d'une r\u00e9colte de fleurs de qualit\u00e9. Vos demandes d'un produit plus puissant et le savoir-faire acquis nous ont permis d'\u00e9laborer une huile plus concentr\u00e9e en cannabino\u00efdes. Compos\u00e9e exclusivement de chanvre cultiv\u00e9 en agriculture biologique sur des parcelles d'Occitanie, l'huile de CBD-CBG est\u2026","rel":"","context":"Avec 1 commentaire","block_context":{"text":"Avec 1 commentaire","link":"https:\/\/www.chanvrier-lotois.com\/index.php\/produit\/cbd-cbg-huile-15\/#comments"},"img":{"alt_text":"","src":"https:\/\/i0.wp.com\/www.chanvrier-lotois.com\/wp-content\/uploads\/2025\/03\/7-1.webp?fit=800%2C800&quality=100&ssl=1&resize=350%2C200","width":350,"height":200,"srcset":"https:\/\/i0.wp.com\/www.chanvrier-lotois.com\/wp-content\/uploads\/2025\/03\/7-1.webp?fit=800%2C800&quality=100&ssl=1&resize=350%2C200 1x, https:\/\/i0.wp.com\/www.chanvrier-lotois.com\/wp-content\/uploads\/2025\/03\/7-1.webp?fit=800%2C800&quality=100&ssl=1&resize=525%2C300 1.5x, https:\/\/i0.wp.com\/www.chanvrier-lotois.com\/wp-content\/uploads\/2025\/03\/7-1.webp?fit=800%2C800&quality=100&ssl=1&resize=700%2C400 2x"},"classes":[]},{"id":1237,"url":"https:\/\/www.chanvrier-lotois.com\/index.php\/produit\/huile-de-cbg-10\/","url_meta":{"origin":356,"position":2},"title":"CBG &#8211; huile 10%","author":"Lauriane Beucher","date":"1 juin 2023","format":false,"excerpt":"Avec l'huile de CBG 10%, Chanvrier Lotois vous propose un produit haut de gamme qui suit les avanc\u00e9es scientifiques sur les bienfaits de cannabino\u00efdes. Compos\u00e9e exclusivement de chanvre cultiv\u00e9 en agriculture biologique sur des parcelles d'Occitanie, l'huile de CBG est saine et ne contient pas d'isolat chimique. Le travail avec\u2026","rel":"","context":"Avec 6 commentaires","block_context":{"text":"Avec 6 commentaires","link":"https:\/\/www.chanvrier-lotois.com\/index.php\/produit\/huile-de-cbg-10\/#comments"},"img":{"alt_text":"","src":"https:\/\/i0.wp.com\/www.chanvrier-lotois.com\/wp-content\/uploads\/2023\/06\/11-jpg.webp?fit=1108%2C1108&quality=100&ssl=1&resize=350%2C200","width":350,"height":200,"srcset":"https:\/\/i0.wp.com\/www.chanvrier-lotois.com\/wp-content\/uploads\/2023\/06\/11-jpg.webp?fit=1108%2C1108&quality=100&ssl=1&resize=350%2C200 1x, https:\/\/i0.wp.com\/www.chanvrier-lotois.com\/wp-content\/uploads\/2023\/06\/11-jpg.webp?fit=1108%2C1108&quality=100&ssl=1&resize=525%2C300 1.5x, https:\/\/i0.wp.com\/www.chanvrier-lotois.com\/wp-content\/uploads\/2023\/06\/11-jpg.webp?fit=1108%2C1108&quality=100&ssl=1&resize=700%2C400 2x, https:\/\/i0.wp.com\/www.chanvrier-lotois.com\/wp-content\/uploads\/2023\/06\/11-jpg.webp?fit=1108%2C1108&quality=100&ssl=1&resize=1050%2C600 3x"},"classes":[]},{"id":4431,"url":"https:\/\/www.chanvrier-lotois.com\/index.php\/produit\/coffret-cadeau-autour-du-cbd\/","url_meta":{"origin":356,"position":3},"title":"Coffret-cadeau autour du CBD","author":"Lauriane Beucher","date":"31 octobre 2025","format":false,"excerpt":"Une belle id\u00e9e pour les f\u00eates de fin d'ann\u00e9e ! Prenez soin de vos proches gr\u00e2ce \u00e0 trois produits au CBD bio et local : 1 Huile de CBD 10 % 1 Infusion Belle \u00c9toile 1 Infusion Pouvoir du Chai Ils sont envoy\u00e9s dans un coffret-cadeau, accompagn\u00e9 d'une carte que\u2026","rel":"","context":"Article similaire","block_context":{"text":"Article similaire","link":""},"img":{"alt_text":"Coffret-Cadeau CBD","src":"https:\/\/i0.wp.com\/www.chanvrier-lotois.com\/wp-content\/uploads\/2025\/10\/49.webp?fit=800%2C800&quality=100&ssl=1&resize=350%2C200","width":350,"height":200,"srcset":"https:\/\/i0.wp.com\/www.chanvrier-lotois.com\/wp-content\/uploads\/2025\/10\/49.webp?fit=800%2C800&quality=100&ssl=1&resize=350%2C200 1x, https:\/\/i0.wp.com\/www.chanvrier-lotois.com\/wp-content\/uploads\/2025\/10\/49.webp?fit=800%2C800&quality=100&ssl=1&resize=525%2C300 1.5x, https:\/\/i0.wp.com\/www.chanvrier-lotois.com\/wp-content\/uploads\/2025\/10\/49.webp?fit=800%2C800&quality=100&ssl=1&resize=700%2C400 2x"},"classes":[]},{"id":364,"url":"https:\/\/www.chanvrier-lotois.com\/index.php\/produit\/infusion-speciale-detente-au-chanvre\/","url_meta":{"origin":356,"position":4},"title":"Infusion au chanvre \u00ab\u00a0Apr\u00e8s l&rsquo;effort\u00a0\u00bb","author":"Lauriane Beucher","date":"1 f\u00e9vrier 2023","format":false,"excerpt":"Apr\u00e8s l'effort est l'infusion au CBD sp\u00e9ciale d\u00e9tente de Chanvrier Lotois, \u00e0 boire apr\u00e8s une s\u00e9ance de sport ou une journ\u00e9e stressante. La recette \u00e9labor\u00e9e avec des herboristes cr\u00e9e une synergie entre le chanvre et des plantes favorisant la relaxation. Les parcelles cultiv\u00e9es en agriculture biologique sont situ\u00e9es dans la\u2026","rel":"","context":"Avec 6 commentaires","block_context":{"text":"Avec 6 commentaires","link":"https:\/\/www.chanvrier-lotois.com\/index.php\/produit\/infusion-speciale-detente-au-chanvre\/#comments"},"img":{"alt_text":"","src":"https:\/\/i0.wp.com\/www.chanvrier-lotois.com\/wp-content\/uploads\/2023\/06\/13-jpg.webp?fit=1108%2C1108&quality=100&ssl=1&resize=350%2C200","width":350,"height":200,"srcset":"https:\/\/i0.wp.com\/www.chanvrier-lotois.com\/wp-content\/uploads\/2023\/06\/13-jpg.webp?fit=1108%2C1108&quality=100&ssl=1&resize=350%2C200 1x, https:\/\/i0.wp.com\/www.chanvrier-lotois.com\/wp-content\/uploads\/2023\/06\/13-jpg.webp?fit=1108%2C1108&quality=100&ssl=1&resize=525%2C300 1.5x, https:\/\/i0.wp.com\/www.chanvrier-lotois.com\/wp-content\/uploads\/2023\/06\/13-jpg.webp?fit=1108%2C1108&quality=100&ssl=1&resize=700%2C400 2x, https:\/\/i0.wp.com\/www.chanvrier-lotois.com\/wp-content\/uploads\/2023\/06\/13-jpg.webp?fit=1108%2C1108&quality=100&ssl=1&resize=1050%2C600 3x"},"classes":[]},{"id":363,"url":"https:\/\/www.chanvrier-lotois.com\/index.php\/produit\/infusion-pour-lequilibre-feminin-chanvrier-lotois\/","url_meta":{"origin":356,"position":5},"title":"Infusion au chanvre \u00ab\u00a0Triangle noir\u00a0\u00bb","author":"Lauriane Beucher","date":"1 f\u00e9vrier 2023","format":false,"excerpt":"Triangle noir\u00a0est la tisane au CBD pour l'\u00e9quilibre f\u00e9minin de Chanvrier Lotois. La recette \u00e9labor\u00e9e avec des herboristes cr\u00e9e une synergie entre le chanvre et des plantes vertueuses pour retrouver l'harmonie avec son cycle. Les parcelles cultiv\u00e9es en agriculture biologique sont situ\u00e9es dans le triangle noir du Lot qui offre\u2026","rel":"","context":"Avec 5 commentaires","block_context":{"text":"Avec 5 commentaires","link":"https:\/\/www.chanvrier-lotois.com\/index.php\/produit\/infusion-pour-lequilibre-feminin-chanvrier-lotois\/#comments"},"img":{"alt_text":"","src":"https:\/\/i0.wp.com\/www.chanvrier-lotois.com\/wp-content\/uploads\/2023\/06\/15-jpg.webp?fit=1108%2C1108&quality=100&ssl=1&resize=350%2C200","width":350,"height":200,"srcset":"https:\/\/i0.wp.com\/www.chanvrier-lotois.com\/wp-content\/uploads\/2023\/06\/15-jpg.webp?fit=1108%2C1108&quality=100&ssl=1&resize=350%2C200 1x, https:\/\/i0.wp.com\/www.chanvrier-lotois.com\/wp-content\/uploads\/2023\/06\/15-jpg.webp?fit=1108%2C1108&quality=100&ssl=1&resize=525%2C300 1.5x, https:\/\/i0.wp.com\/www.chanvrier-lotois.com\/wp-content\/uploads\/2023\/06\/15-jpg.webp?fit=1108%2C1108&quality=100&ssl=1&resize=700%2C400 2x, https:\/\/i0.wp.com\/www.chanvrier-lotois.com\/wp-content\/uploads\/2023\/06\/15-jpg.webp?fit=1108%2C1108&quality=100&ssl=1&resize=1050%2C600 3x"},"classes":[]}],"jetpack_sharing_enabled":true,"jetpack_likes_enabled":true,"_links":{"self":[{"href":"https:\/\/www.chanvrier-lotois.com\/index.php\/wp-json\/wp\/v2\/product\/356","targetHints":{"allow":["GET"]}}],"collection":[{"href":"https:\/\/www.chanvrier-lotois.com\/index.php\/wp-json\/wp\/v2\/product"}],"about":[{"href":"https:\/\/www.chanvrier-lotois.com\/index.php\/wp-json\/wp\/v2\/types\/product"}],"replies":[{"embeddable":true,"href":"https:\/\/www.chanvrier-lotois.com\/index.php\/wp-json\/wp\/v2\/comments?post=356"}],"wp:featuredmedia":[{"embeddable":true,"href":"https:\/\/www.chanvrier-lotois.com\/index.php\/wp-json\/wp\/v2\/media\/2610"}],"wp:attachment":[{"href":"https:\/\/www.chanvrier-lotois.com\/index.php\/wp-json\/wp\/v2\/media?parent=356"}],"wp:term":[{"taxonomy":"product_brand","embeddable":true,"href":"https:\/\/www.chanvrier-lotois.com\/index.php\/wp-json\/wp\/v2\/product_brand?post=356"},{"taxonomy":"product_cat","embeddable":true,"href":"https:\/\/www.chanvrier-lotois.com\/index.php\/wp-json\/wp\/v2\/product_cat?post=356"},{"taxonomy":"product_tag","embeddable":true,"href":"https:\/\/www.chanvrier-lotois.com\/index.php\/wp-json\/wp\/v2\/product_tag?post=356"}],"curies":[{"name":"wp","href":"https:\/\/api.w.org\/{rel}","templated":true}]}}