{"id":2988,"date":"2024-10-15T16:11:49","date_gmt":"2024-10-15T14:11:49","guid":{"rendered":"https:\/\/www.chanvrier-lotois.com\/?post_type=product&#038;p=2988"},"modified":"2025-05-26T10:52:49","modified_gmt":"2025-05-26T08:52:49","slug":"resine-de-cbd-le-moelleux","status":"publish","type":"product","link":"https:\/\/www.chanvrier-lotois.com\/index.php\/produit\/resine-de-cbd-le-moelleux\/","title":{"rendered":"R\u00e9sine de CBD \u00a0\u00bb Le Moelleux\u00a0\u00bb 5 g (victime de son succ\u00e8s, en r\u00e9assort)"},"content":{"rendered":"<h1>Pourquoi choisir \u201cLe Moelleux\u201d ?<\/h1>\n<p>Parce que vous aimez les textures fondantes qui apaisent. La r\u00e9sine CBD fran\u00e7ais Le Moelleux au taux de 28 % de CBD offre une puissante d\u00e9tente.<\/p>\n<h2>\u00c0 partir de fleurs cultiv\u00e9es en agriculture biologique<\/h2>\n<p>Chanvrier Lotois cultive ses fleurs en Occitanie dans le Lot sur le Causse. Pour des produits sains et respectueux de l&rsquo;environnement, nous avons fait le choix de l&rsquo;agriculture certifi\u00e9e biologique.\u00a0 On plante et on r\u00e9colte \u00e0 la main. Le taux de THC inf\u00e9rieur \u00e0 0,3% respecte la l\u00e9gislation fran\u00e7aise. Il vous fait passer des journ\u00e9es en toute lucidit\u00e9.<\/p>\n<p>Chanvrier Lotois prend soin de chercher les meilleures vari\u00e9t\u00e9s pour votre bien-\u00eatre et pour votre go\u00fbt. Pour les r\u00e9sines, nous travaillons avec <a href=\"https:\/\/www.newsweed.fr\/rue-de-la-boulette\/\" target=\"_blank\" rel=\"noopener\">un partenaire reconnu pour son savoir-faire<\/a>, en Occitanie.<\/p>\n<h2>Choisir une r\u00e9sine CBD fran\u00e7ais<\/h2>\n<p>Savoureuses, nos r\u00e9sines d&rsquo;<a href=\"https:\/\/www.chanvrier-lotois.com\/index.php\/savoirs-sur-le-cbd-de-chanvrier-lotois\/\" target=\"_blank\" rel=\"noopener\">excellentes qualit\u00e9s<\/a> permettent aux amateurs de profiter du pouvoir relaxant du CBD en toute confiance. Le Moelleux poss\u00e8de une texture onctueuse qui s&rsquo;\u00e9quilibre avec ses saveurs florales et poivr\u00e9es.<\/p>\n","protected":false},"excerpt":{"rendered":"<p>Onctueux et relev\u00e9, le Moelleux apporte \u00e0 la fois douceur et puissance. Produite en occitanie \u00e0 partir de nos fleurs cultiv\u00e9es en agriculture certifi\u00e9e biologique, cette r\u00e9sine contient des notes de fleur et de poivre qui surprennent les papilles et d\u00e9tendent l&rsquo;esprit.<\/p>\n","protected":false},"featured_media":3262,"comment_status":"open","ping_status":"closed","template":"","meta":{"_monsterinsights_skip_tracking":false,"_monsterinsights_sitenote_active":false,"_monsterinsights_sitenote_note":"","_monsterinsights_sitenote_category":0,"neve_meta_sidebar":"","neve_meta_container":"","neve_meta_enable_content_width":"","neve_meta_content_width":0,"neve_meta_title_alignment":"","neve_meta_author_avatar":"","neve_post_elements_order":"","neve_meta_disable_header":"","neve_meta_disable_footer":"","neve_meta_disable_title":"","_themeisle_gutenberg_block_has_review":false},"product_brand":[],"product_cat":[58],"product_tag":[38,36,60],"class_list":{"0":"post-2988","1":"product","2":"type-product","3":"status-publish","4":"has-post-thumbnail","6":"product_cat-les-resines-de-cbd","7":"product_tag-production-bio","8":"product_tag-produit-en-occitanie","9":"product_tag-resine-cbd","11":"first","12":"outofstock","13":"taxable","14":"shipping-taxable","15":"purchasable","16":"product-type-simple"},"aioseo_notices":[],"jetpack-related-posts":[{"id":2982,"url":"https:\/\/www.chanvrier-lotois.com\/index.php\/produit\/resine-de-cbd-bio-le-bonbon-du-causse\/","url_meta":{"origin":2988,"position":0},"title":"R\u00e9sine de CBD \u00a0\u00bb Le Bonbon du Causse\u00a0\u00bb 5 g","author":"Lauriane Beucher","date":"15 octobre 2024","format":false,"excerpt":"Gourmande et savoureuse, le Bonbon du Causse r\u00e9v\u00e8le le meilleur de notre terroir lotois. Produite en occitanie \u00e0 partir de nos fleurs cultiv\u00e9es en agriculture certifi\u00e9e biologique, cette r\u00e9sine aux go\u00fbts de bonbon et d'agrumes est une sucrerie acidul\u00e9e qui souligne le r\u00e9confort apport\u00e9 par le CBD.","rel":"","context":"Avec 5 commentaires","block_context":{"text":"Avec 5 commentaires","link":"https:\/\/www.chanvrier-lotois.com\/index.php\/produit\/resine-de-cbd-bio-le-bonbon-du-causse\/#comments"},"img":{"alt_text":"r\u00e9sine bio Cahors","src":"https:\/\/i0.wp.com\/www.chanvrier-lotois.com\/wp-content\/uploads\/2024\/10\/22.webp?fit=800%2C800&quality=100&ssl=1&resize=350%2C200","width":350,"height":200,"srcset":"https:\/\/i0.wp.com\/www.chanvrier-lotois.com\/wp-content\/uploads\/2024\/10\/22.webp?fit=800%2C800&quality=100&ssl=1&resize=350%2C200 1x, https:\/\/i0.wp.com\/www.chanvrier-lotois.com\/wp-content\/uploads\/2024\/10\/22.webp?fit=800%2C800&quality=100&ssl=1&resize=525%2C300 1.5x, https:\/\/i0.wp.com\/www.chanvrier-lotois.com\/wp-content\/uploads\/2024\/10\/22.webp?fit=800%2C800&quality=100&ssl=1&resize=700%2C400 2x"},"classes":[]},{"id":2825,"url":"https:\/\/www.chanvrier-lotois.com\/index.php\/produit\/fleur-de-cbd-la-tropicale-recolte-2023\/","url_meta":{"origin":2988,"position":1},"title":"Fleur de CBD \u00ab\u00a0La Tropicale\u00a0\u00bb &#8211; r\u00e9colte 2025","author":"Lauriane Beucher","date":"15 ao\u00fbt 2024","format":false,"excerpt":"La Tropicale est une promesse d'\u00e9vasion. Avant de savourer ses ar\u00f4mes sucr\u00e9s de p\u00eache et de bonbon, on pose ses valises et on s'installe confortablement. Il ne reste plus qu'\u00e0 appr\u00e9cier la douceur. Un produit certifi\u00e9 100% naturel, sans terp\u00e8nes ni CBD synth\u00e9tique ajout\u00e9. \u00a0","rel":"","context":"Avec 3 commentaires","block_context":{"text":"Avec 3 commentaires","link":"https:\/\/www.chanvrier-lotois.com\/index.php\/produit\/fleur-de-cbd-la-tropicale-recolte-2023\/#comments"},"img":{"alt_text":"Fleur de CBD Chanvrier Lotois","src":"https:\/\/i0.wp.com\/www.chanvrier-lotois.com\/wp-content\/uploads\/2024\/10\/Tropicale-P-Fleurs.webp?fit=800%2C800&quality=100&ssl=1&resize=350%2C200","width":350,"height":200,"srcset":"https:\/\/i0.wp.com\/www.chanvrier-lotois.com\/wp-content\/uploads\/2024\/10\/Tropicale-P-Fleurs.webp?fit=800%2C800&quality=100&ssl=1&resize=350%2C200 1x, https:\/\/i0.wp.com\/www.chanvrier-lotois.com\/wp-content\/uploads\/2024\/10\/Tropicale-P-Fleurs.webp?fit=800%2C800&quality=100&ssl=1&resize=525%2C300 1.5x, https:\/\/i0.wp.com\/www.chanvrier-lotois.com\/wp-content\/uploads\/2024\/10\/Tropicale-P-Fleurs.webp?fit=800%2C800&quality=100&ssl=1&resize=700%2C400 2x"},"classes":[]},{"id":367,"url":"https:\/\/www.chanvrier-lotois.com\/index.php\/produit\/cbd-bio-la-festive\/","url_meta":{"origin":2988,"position":2},"title":"Fleur de CBD \u00ab\u00a0La Festive\u00a0\u00bb &#8211; r\u00e9colte 2024","author":"Lauriane Beucher","date":"2 f\u00e9vrier 2023","format":false,"excerpt":"La Festive est une fleur aux belles notes d'agrumes. Ses ar\u00f4mes d'orange et de citron mettent le chanvre en habit de f\u00eate !\u00a0Un produit certifi\u00e9 100% naturel, sans terp\u00e8nes ni CBD synth\u00e9tique ajout\u00e9. \u00a0","rel":"","context":"Avec 11 commentaires","block_context":{"text":"Avec 11 commentaires","link":"https:\/\/www.chanvrier-lotois.com\/index.php\/produit\/cbd-bio-la-festive\/#comments"},"img":{"alt_text":"Fleur de CBD","src":"https:\/\/i0.wp.com\/www.chanvrier-lotois.com\/wp-content\/uploads\/2024\/10\/8.webp?fit=800%2C800&quality=100&ssl=1&resize=350%2C200","width":350,"height":200,"srcset":"https:\/\/i0.wp.com\/www.chanvrier-lotois.com\/wp-content\/uploads\/2024\/10\/8.webp?fit=800%2C800&quality=100&ssl=1&resize=350%2C200 1x, https:\/\/i0.wp.com\/www.chanvrier-lotois.com\/wp-content\/uploads\/2024\/10\/8.webp?fit=800%2C800&quality=100&ssl=1&resize=525%2C300 1.5x, https:\/\/i0.wp.com\/www.chanvrier-lotois.com\/wp-content\/uploads\/2024\/10\/8.webp?fit=800%2C800&quality=100&ssl=1&resize=700%2C400 2x"},"classes":[]},{"id":390,"url":"https:\/\/www.chanvrier-lotois.com\/index.php\/produit\/fleur-de-cbd-la-douce-du-causse-2\/","url_meta":{"origin":2988,"position":3},"title":"Fleur de CBD \u00ab\u00a0La Douce du Causse\u00a0\u00bb &#8211; r\u00e9colte 2024","author":"Lauriane Beucher","date":"2 f\u00e9vrier 2023","format":false,"excerpt":"La Douce du Causse a du caract\u00e8re mais reste toujours agr\u00e9able en bouche. Ses notes d'orange et de s\u00e8ve de pin soutiennent avec subtilit\u00e9 le go\u00fbt du chanvre ! Un produit certifi\u00e9 100% naturel, sans terp\u00e8nes ni CBD synth\u00e9tique ajout\u00e9. \u00a0","rel":"","context":"Avec 6 commentaires","block_context":{"text":"Avec 6 commentaires","link":"https:\/\/www.chanvrier-lotois.com\/index.php\/produit\/fleur-de-cbd-la-douce-du-causse-2\/#comments"},"img":{"alt_text":"Fleur de CBD","src":"https:\/\/i0.wp.com\/www.chanvrier-lotois.com\/wp-content\/uploads\/2024\/10\/Douce-P-fleurs.webp?fit=800%2C800&quality=100&ssl=1&resize=350%2C200","width":350,"height":200,"srcset":"https:\/\/i0.wp.com\/www.chanvrier-lotois.com\/wp-content\/uploads\/2024\/10\/Douce-P-fleurs.webp?fit=800%2C800&quality=100&ssl=1&resize=350%2C200 1x, https:\/\/i0.wp.com\/www.chanvrier-lotois.com\/wp-content\/uploads\/2024\/10\/Douce-P-fleurs.webp?fit=800%2C800&quality=100&ssl=1&resize=525%2C300 1.5x, https:\/\/i0.wp.com\/www.chanvrier-lotois.com\/wp-content\/uploads\/2024\/10\/Douce-P-fleurs.webp?fit=800%2C800&quality=100&ssl=1&resize=700%2C400 2x"},"classes":[]},{"id":2950,"url":"https:\/\/www.chanvrier-lotois.com\/index.php\/produit\/fleur-bio-laventuriere-recolte-2023\/","url_meta":{"origin":2988,"position":4},"title":"Fleur de CBD \u00ab\u00a0L&rsquo;Aventuri\u00e8re\u00a0\u00bb &#8211; r\u00e9colte 2024","author":"Lauriane Beucher","date":"8 octobre 2024","format":false,"excerpt":"Explorez les saveurs de fruits rouges m\u00eal\u00e9es au chanvre avec L'Aventuri\u00e8re. La framboise et le cassis vous entra\u00eenent dans une promenade paisible \u00e0 travers les bois et les bosquets. Un produit certifi\u00e9 100% naturel, sans terp\u00e8nes ni CBD synth\u00e9tique ajout\u00e9. \u00a0","rel":"","context":"Avec 11 commentaires","block_context":{"text":"Avec 11 commentaires","link":"https:\/\/www.chanvrier-lotois.com\/index.php\/produit\/fleur-bio-laventuriere-recolte-2023\/#comments"},"img":{"alt_text":"Fleur bio Chanvrier Lotois","src":"https:\/\/i0.wp.com\/www.chanvrier-lotois.com\/wp-content\/uploads\/2024\/10\/Aventuriere-P-et-Fleurs.webp?fit=800%2C800&quality=100&ssl=1&resize=350%2C200","width":350,"height":200,"srcset":"https:\/\/i0.wp.com\/www.chanvrier-lotois.com\/wp-content\/uploads\/2024\/10\/Aventuriere-P-et-Fleurs.webp?fit=800%2C800&quality=100&ssl=1&resize=350%2C200 1x, https:\/\/i0.wp.com\/www.chanvrier-lotois.com\/wp-content\/uploads\/2024\/10\/Aventuriere-P-et-Fleurs.webp?fit=800%2C800&quality=100&ssl=1&resize=525%2C300 1.5x, https:\/\/i0.wp.com\/www.chanvrier-lotois.com\/wp-content\/uploads\/2024\/10\/Aventuriere-P-et-Fleurs.webp?fit=800%2C800&quality=100&ssl=1&resize=700%2C400 2x"},"classes":[]},{"id":369,"url":"https:\/\/www.chanvrier-lotois.com\/index.php\/produit\/fleur-de-cbg-la-sereine\/","url_meta":{"origin":2988,"position":5},"title":"Fleur de CBG \u00ab\u00a0La Sereine\u00a0\u00bb &#8211; r\u00e9colte 2024","author":"Lauriane Beucher","date":"2 f\u00e9vrier 2023","format":false,"excerpt":"La Sereine est une fleur de CBG (9 \u00e0 11%) qui porte les vertus d'un cannabino\u00efde aussi pr\u00e9cieux que le CBD . Avec ses notes de menthe poivr\u00e9e et de s\u00e8ve de pin, La Sereine est fra\u00eeche en bouche et puissamment r\u00e9confortante ! Un produit certifi\u00e9 100% naturel, sans terp\u00e8nes\u2026","rel":"","context":"Avec 9 commentaires","block_context":{"text":"Avec 9 commentaires","link":"https:\/\/www.chanvrier-lotois.com\/index.php\/produit\/fleur-de-cbg-la-sereine\/#comments"},"img":{"alt_text":"Fleur CBD bio","src":"https:\/\/i0.wp.com\/www.chanvrier-lotois.com\/wp-content\/uploads\/2024\/10\/11.webp?fit=800%2C800&quality=100&ssl=1&resize=350%2C200","width":350,"height":200,"srcset":"https:\/\/i0.wp.com\/www.chanvrier-lotois.com\/wp-content\/uploads\/2024\/10\/11.webp?fit=800%2C800&quality=100&ssl=1&resize=350%2C200 1x, https:\/\/i0.wp.com\/www.chanvrier-lotois.com\/wp-content\/uploads\/2024\/10\/11.webp?fit=800%2C800&quality=100&ssl=1&resize=525%2C300 1.5x, https:\/\/i0.wp.com\/www.chanvrier-lotois.com\/wp-content\/uploads\/2024\/10\/11.webp?fit=800%2C800&quality=100&ssl=1&resize=700%2C400 2x"},"classes":[]}],"jetpack_sharing_enabled":true,"jetpack_likes_enabled":true,"_links":{"self":[{"href":"https:\/\/www.chanvrier-lotois.com\/index.php\/wp-json\/wp\/v2\/product\/2988","targetHints":{"allow":["GET"]}}],"collection":[{"href":"https:\/\/www.chanvrier-lotois.com\/index.php\/wp-json\/wp\/v2\/product"}],"about":[{"href":"https:\/\/www.chanvrier-lotois.com\/index.php\/wp-json\/wp\/v2\/types\/product"}],"replies":[{"embeddable":true,"href":"https:\/\/www.chanvrier-lotois.com\/index.php\/wp-json\/wp\/v2\/comments?post=2988"}],"wp:featuredmedia":[{"embeddable":true,"href":"https:\/\/www.chanvrier-lotois.com\/index.php\/wp-json\/wp\/v2\/media\/3262"}],"wp:attachment":[{"href":"https:\/\/www.chanvrier-lotois.com\/index.php\/wp-json\/wp\/v2\/media?parent=2988"}],"wp:term":[{"taxonomy":"product_brand","embeddable":true,"href":"https:\/\/www.chanvrier-lotois.com\/index.php\/wp-json\/wp\/v2\/product_brand?post=2988"},{"taxonomy":"product_cat","embeddable":true,"href":"https:\/\/www.chanvrier-lotois.com\/index.php\/wp-json\/wp\/v2\/product_cat?post=2988"},{"taxonomy":"product_tag","embeddable":true,"href":"https:\/\/www.chanvrier-lotois.com\/index.php\/wp-json\/wp\/v2\/product_tag?post=2988"}],"curies":[{"name":"wp","href":"https:\/\/api.w.org\/{rel}","templated":true}]}}