{"id":1237,"date":"2023-06-01T20:18:14","date_gmt":"2023-06-01T18:18:14","guid":{"rendered":"https:\/\/www.chanvrier-lotois.com\/?post_type=product&#038;p=1237"},"modified":"2025-10-11T14:28:23","modified_gmt":"2025-10-11T12:28:23","slug":"huile-de-cbg-10","status":"publish","type":"product","link":"https:\/\/www.chanvrier-lotois.com\/index.php\/produit\/huile-de-cbg-10\/","title":{"rendered":"CBG &#8211; huile 10%"},"content":{"rendered":"<h1>Pourquoi choisir notre huile de CBG 10% ?<\/h1>\n<ul>\n<li>Parce que l&rsquo;extrait agit sur votre <a href=\"https:\/\/www.chanvrier-lotois.com\/index.php\/2023\/02\/20\/cbd-effets\/\" target=\"_blank\" rel=\"noopener\">syst\u00e8me endocannabino\u00efde<\/a> en utilisant des r\u00e9cepteurs diff\u00e9rents de ceux du CBD. Ainsi, les effets anti-inflammatoire, myorelaxant et anxiolytique sont renforc\u00e9s.<\/li>\n<li>Parce que la propri\u00e9t\u00e9 anti-oxydante de cette huile ralentit le <a href=\"https:\/\/www.e-sante.fr\/5-bienfaits-a-la-consommation-de-cbg-pour-votre-sante\/actualite\/615169\">vieillissement des cellules<\/a>.<\/li>\n<li>Parce que le CBG est un anti-fongique naturel efficace.<\/li>\n<li>Parce que le CBG r\u00e9gule l&rsquo;app\u00e9tit et aide \u00e0 r\u00e9soudre les troubles de l&rsquo;alimentation.<\/li>\n<\/ul>\n<h2>Conseils d&rsquo;utilisation :<\/h2>\n<ul>\n<li>Bien agiter avant l&#8217;emploi.<\/li>\n<li>D\u00e9poser le nombre de gouttes souhait\u00e9es sous la langue pendant 60 secondes avant d&rsquo;avaler.<\/li>\n<li>Renouveler les doses selon ses besoins. (cf. Dosage)<\/li>\n<\/ul>\n<h2>Une huile de CBG 10% de qualit\u00e9 :<\/h2>\n<p>\u00c0 chaque \u00e9tape de la fabrication, Chanvrier Lotois a pris l&rsquo;option du meilleur pour obtenir cette huile. Les g\u00e9n\u00e9tiques sont consciencieusement choisies pour ne pas d\u00e9passer les taux de THC l\u00e9gaux lors de l&rsquo;extraction et pour parvenir \u00e0 un taux naturel de 0,5% de CBG. Nous cultivons les plantes en agriculture biologique. L&rsquo;huile de graines de chanvre bio, press\u00e9e \u00e0 froid, qui sert de support \u00e0 l&rsquo;extrait est produite en Occitanie.<\/p>\n<h3>Du CBG pour votre bien-\u00eatre cultiv\u00e9 en Occitanie<\/h3>\n<p>Nous travaillons avec un laboratoire aux normes pharmaceutiques pour l&rsquo;extraction au CO2 supercritique. Il s&rsquo;agit d&rsquo;un spectre complet o\u00f9 le taux de CBD est encore important (1,5%), obtenu gr\u00e2ce \u00e0 la technologie de pointe en phytoth\u00e9rapie. Ainsi les meilleures propri\u00e9t\u00e9s de la plante sont pr\u00e9serv\u00e9es. L&rsquo;extrait est filtr\u00e9 pour \u00e9viter le d\u00e9sagr\u00e9ment des cires en bouche. La d\u00e9carboxylation favorise l&rsquo;assimilation des mol\u00e9cules de CBG et CBD \u00e0 court et long terme.<\/p>\n<h3>Une huile CBG-CBD bio fran\u00e7aise<\/h3>\n<p>Nous faisons analyser notre produit dans des laboratoires certifi\u00e9s pour en assurer la composition. D&rsquo;une part, le taux de THC inf\u00e9rieur \u00e0 0,3% est ainsi garanti. D&rsquo;autre part, nous pouvons fournir \u00e0 nos points de vente partenaires la liste exacte des cannabino\u00efdes pr\u00e9sents dans notre huile de CBG. C&rsquo;est la preuve qu&rsquo;il s&rsquo;agit bien l\u00e0 d&rsquo;un spectre complet et qu&rsquo;aucun isolat chimique n&rsquo;est ajout\u00e9 dans nos produits Chanvrier Lotois.<\/p>\n","protected":false},"excerpt":{"rendered":"<p>Avec l&rsquo;huile de CBG 10%, Chanvrier Lotois vous propose un produit haut de gamme qui suit les avanc\u00e9es scientifiques sur les bienfaits de cannabino\u00efdes. Compos\u00e9e exclusivement de chanvre cultiv\u00e9 en agriculture biologique sur des parcelles d&rsquo;Occitanie, l&rsquo;huile de CBG est saine et ne contient pas d&rsquo;isolat chimique. Le travail avec des partenaires locaux et un laboratoire certifi\u00e9 nous permet d&rsquo;avoir une tra\u00e7abilit\u00e9 parfaite sur nos produits. L&rsquo;extrait de cannabino\u00efdes est obtenu gr\u00e2ce \u00e0 une technologie de pointe respectueuse de la plante et passe par une \u00e9tape de d\u00e9carboxylation. Cette huile sublinguale offre un spectre complet de cannabino\u00efdes qui agit imm\u00e9diatement comme sur le long terme.<\/p>\n","protected":false},"featured_media":2600,"comment_status":"open","ping_status":"closed","template":"","meta":{"_monsterinsights_skip_tracking":false,"_monsterinsights_sitenote_active":false,"_monsterinsights_sitenote_note":"","_monsterinsights_sitenote_category":0,"neve_meta_sidebar":"","neve_meta_container":"","neve_meta_enable_content_width":"","neve_meta_content_width":0,"neve_meta_title_alignment":"","neve_meta_author_avatar":"","neve_post_elements_order":"","neve_meta_disable_header":"","neve_meta_disable_footer":"","neve_meta_disable_title":"","_themeisle_gutenberg_block_has_review":false},"product_brand":[],"product_cat":[31],"product_tag":[34,35,36],"class_list":{"0":"post-1237","1":"product","2":"type-product","3":"status-publish","4":"has-post-thumbnail","6":"product_cat-les-huiles-de-cbd","7":"product_tag-huile-de-cbd-bio","8":"product_tag-phytotherapie","9":"product_tag-produit-en-occitanie","11":"first","12":"instock","13":"taxable","14":"shipping-taxable","15":"purchasable","16":"product-type-simple"},"aioseo_notices":[],"jetpack-related-posts":[{"id":3703,"url":"https:\/\/www.chanvrier-lotois.com\/index.php\/produit\/cbd-cbg-huile-15\/","url_meta":{"origin":1237,"position":0},"title":"CBD &#8211; CBG &#8211; huile 15%","author":"Lauriane Beucher","date":"13 mars 2025","format":false,"excerpt":"L'huile de CBD - CBG 15 % r\u00e9sulte d'une r\u00e9colte de fleurs de qualit\u00e9. Vos demandes d'un produit plus puissant et le savoir-faire acquis nous ont permis d'\u00e9laborer une huile plus concentr\u00e9e en cannabino\u00efdes. Compos\u00e9e exclusivement de chanvre cultiv\u00e9 en agriculture biologique sur des parcelles d'Occitanie, l'huile de CBD-CBG est\u2026","rel":"","context":"Avec 1 commentaire","block_context":{"text":"Avec 1 commentaire","link":"https:\/\/www.chanvrier-lotois.com\/index.php\/produit\/cbd-cbg-huile-15\/#comments"},"img":{"alt_text":"","src":"https:\/\/i0.wp.com\/www.chanvrier-lotois.com\/wp-content\/uploads\/2025\/03\/7-1.webp?fit=800%2C800&quality=100&ssl=1&resize=350%2C200","width":350,"height":200,"srcset":"https:\/\/i0.wp.com\/www.chanvrier-lotois.com\/wp-content\/uploads\/2025\/03\/7-1.webp?fit=800%2C800&quality=100&ssl=1&resize=350%2C200 1x, https:\/\/i0.wp.com\/www.chanvrier-lotois.com\/wp-content\/uploads\/2025\/03\/7-1.webp?fit=800%2C800&quality=100&ssl=1&resize=525%2C300 1.5x, https:\/\/i0.wp.com\/www.chanvrier-lotois.com\/wp-content\/uploads\/2025\/03\/7-1.webp?fit=800%2C800&quality=100&ssl=1&resize=700%2C400 2x"},"classes":[]},{"id":369,"url":"https:\/\/www.chanvrier-lotois.com\/index.php\/produit\/fleur-de-cbg-la-sereine\/","url_meta":{"origin":1237,"position":1},"title":"Fleur de CBG \u00ab\u00a0La Sereine\u00a0\u00bb &#8211; r\u00e9colte 2024","author":"Lauriane Beucher","date":"2 f\u00e9vrier 2023","format":false,"excerpt":"La Sereine est une fleur de CBG (9 \u00e0 11%) qui porte les vertus d'un cannabino\u00efde aussi pr\u00e9cieux que le CBD . Avec ses notes de menthe poivr\u00e9e et de s\u00e8ve de pin, La Sereine est fra\u00eeche en bouche et puissamment r\u00e9confortante ! Un produit certifi\u00e9 100% naturel, sans terp\u00e8nes\u2026","rel":"","context":"Avec 9 commentaires","block_context":{"text":"Avec 9 commentaires","link":"https:\/\/www.chanvrier-lotois.com\/index.php\/produit\/fleur-de-cbg-la-sereine\/#comments"},"img":{"alt_text":"Fleur CBD bio","src":"https:\/\/i0.wp.com\/www.chanvrier-lotois.com\/wp-content\/uploads\/2024\/10\/11.webp?fit=800%2C800&quality=100&ssl=1&resize=350%2C200","width":350,"height":200,"srcset":"https:\/\/i0.wp.com\/www.chanvrier-lotois.com\/wp-content\/uploads\/2024\/10\/11.webp?fit=800%2C800&quality=100&ssl=1&resize=350%2C200 1x, https:\/\/i0.wp.com\/www.chanvrier-lotois.com\/wp-content\/uploads\/2024\/10\/11.webp?fit=800%2C800&quality=100&ssl=1&resize=525%2C300 1.5x, https:\/\/i0.wp.com\/www.chanvrier-lotois.com\/wp-content\/uploads\/2024\/10\/11.webp?fit=800%2C800&quality=100&ssl=1&resize=700%2C400 2x"},"classes":[]},{"id":1236,"url":"https:\/\/www.chanvrier-lotois.com\/index.php\/produit\/huile-de-cbd-10-copie\/","url_meta":{"origin":1237,"position":2},"title":"CBD &#8211; huile 10%","author":"Lauriane Beucher","date":"1 juin 2023","format":false,"excerpt":"Pour l'huile de CBD 10%, Chanvrier Lotois n'a pas forc\u00e9 la nature pour obtenir un produit haut de gamme. Compos\u00e9e exclusivement de chanvre cultiv\u00e9 en agriculture biologique sur des parcelles d'Occitanie, l'huile de CBD est saine, ne contient pas d'isolat et pr\u00e9sente une parfaite tra\u00e7abilit\u00e9. L'extrait de CBD est obtenu\u2026","rel":"","context":"Avec 9 commentaires","block_context":{"text":"Avec 9 commentaires","link":"https:\/\/www.chanvrier-lotois.com\/index.php\/produit\/huile-de-cbd-10-copie\/#comments"},"img":{"alt_text":"huile 10% CBD","src":"https:\/\/i0.wp.com\/www.chanvrier-lotois.com\/wp-content\/uploads\/2023\/06\/19-jpg.webp?fit=1108%2C1108&quality=100&ssl=1&resize=350%2C200","width":350,"height":200,"srcset":"https:\/\/i0.wp.com\/www.chanvrier-lotois.com\/wp-content\/uploads\/2023\/06\/19-jpg.webp?fit=1108%2C1108&quality=100&ssl=1&resize=350%2C200 1x, https:\/\/i0.wp.com\/www.chanvrier-lotois.com\/wp-content\/uploads\/2023\/06\/19-jpg.webp?fit=1108%2C1108&quality=100&ssl=1&resize=525%2C300 1.5x, https:\/\/i0.wp.com\/www.chanvrier-lotois.com\/wp-content\/uploads\/2023\/06\/19-jpg.webp?fit=1108%2C1108&quality=100&ssl=1&resize=700%2C400 2x, https:\/\/i0.wp.com\/www.chanvrier-lotois.com\/wp-content\/uploads\/2023\/06\/19-jpg.webp?fit=1108%2C1108&quality=100&ssl=1&resize=1050%2C600 3x"},"classes":[]},{"id":356,"url":"https:\/\/www.chanvrier-lotois.com\/index.php\/produit\/huile-de-cbd-5\/","url_meta":{"origin":1237,"position":3},"title":"CBD &#8211; huile 5%","author":"Lauriane Beucher","date":"28 janvier 2023","format":false,"excerpt":"L'huile de CBD 5% de Chanvrier Lotois est la preuve qu'une production 100 % naturelle peut atteindre le haut de gamme. Compos\u00e9e exclusivement de chanvre cultiv\u00e9 en agriculture biologique sur des parcelles d'Occitanie, elle est saine et pr\u00e9sente une parfaite tra\u00e7abilit\u00e9. L'extrait de CBD est obtenu gr\u00e2ce \u00e0 une technologie\u2026","rel":"","context":"Avec 5 commentaires","block_context":{"text":"Avec 5 commentaires","link":"https:\/\/www.chanvrier-lotois.com\/index.php\/produit\/huile-de-cbd-5\/#comments"},"img":{"alt_text":"","src":"https:\/\/i0.wp.com\/www.chanvrier-lotois.com\/wp-content\/uploads\/2023\/06\/1-1-jpg.webp?fit=1108%2C1108&quality=100&ssl=1&resize=350%2C200","width":350,"height":200,"srcset":"https:\/\/i0.wp.com\/www.chanvrier-lotois.com\/wp-content\/uploads\/2023\/06\/1-1-jpg.webp?fit=1108%2C1108&quality=100&ssl=1&resize=350%2C200 1x, https:\/\/i0.wp.com\/www.chanvrier-lotois.com\/wp-content\/uploads\/2023\/06\/1-1-jpg.webp?fit=1108%2C1108&quality=100&ssl=1&resize=525%2C300 1.5x, https:\/\/i0.wp.com\/www.chanvrier-lotois.com\/wp-content\/uploads\/2023\/06\/1-1-jpg.webp?fit=1108%2C1108&quality=100&ssl=1&resize=700%2C400 2x, https:\/\/i0.wp.com\/www.chanvrier-lotois.com\/wp-content\/uploads\/2023\/06\/1-1-jpg.webp?fit=1108%2C1108&quality=100&ssl=1&resize=1050%2C600 3x"},"classes":[]},{"id":4431,"url":"https:\/\/www.chanvrier-lotois.com\/index.php\/produit\/coffret-cadeau-autour-du-cbd\/","url_meta":{"origin":1237,"position":4},"title":"Coffret-cadeau autour du CBD","author":"Lauriane Beucher","date":"31 octobre 2025","format":false,"excerpt":"Une belle id\u00e9e pour les f\u00eates de fin d'ann\u00e9e ! Prenez soin de vos proches gr\u00e2ce \u00e0 trois produits au CBD bio et local : 1 Huile de CBD 10 % 1 Infusion Belle \u00c9toile 1 Infusion Pouvoir du Chai Ils sont envoy\u00e9s dans un coffret-cadeau, accompagn\u00e9 d'une carte que\u2026","rel":"","context":"Article similaire","block_context":{"text":"Article similaire","link":""},"img":{"alt_text":"Coffret-Cadeau CBD","src":"https:\/\/i0.wp.com\/www.chanvrier-lotois.com\/wp-content\/uploads\/2025\/10\/49.webp?fit=800%2C800&quality=100&ssl=1&resize=350%2C200","width":350,"height":200,"srcset":"https:\/\/i0.wp.com\/www.chanvrier-lotois.com\/wp-content\/uploads\/2025\/10\/49.webp?fit=800%2C800&quality=100&ssl=1&resize=350%2C200 1x, https:\/\/i0.wp.com\/www.chanvrier-lotois.com\/wp-content\/uploads\/2025\/10\/49.webp?fit=800%2C800&quality=100&ssl=1&resize=525%2C300 1.5x, https:\/\/i0.wp.com\/www.chanvrier-lotois.com\/wp-content\/uploads\/2025\/10\/49.webp?fit=800%2C800&quality=100&ssl=1&resize=700%2C400 2x"},"classes":[]},{"id":366,"url":"https:\/\/www.chanvrier-lotois.com\/index.php\/produit\/infusion-chai\/","url_meta":{"origin":1237,"position":5},"title":"Infusion au chanvre \u00ab\u00a0Pouvoir du Chai\u00a0\u00bb","author":"Lauriane Beucher","date":"2 f\u00e9vrier 2023","format":false,"excerpt":"Pouvoir du Chai est l'infusion au CBD de Chanvrier Lotois qui a l'audace de vous faire voyager gr\u00e2ce \u00e0 son m\u00e9lange d'\u00e9pices. La recette \u00e9labor\u00e9e avec des herboristes cr\u00e9e une synergie entre le chanvre et des plantes qui renforcent naturellement les d\u00e9fenses immunitaire. Que ce soit le chanvre cultiv\u00e9 dans\u2026","rel":"","context":"Avec 4 commentaires","block_context":{"text":"Avec 4 commentaires","link":"https:\/\/www.chanvrier-lotois.com\/index.php\/produit\/infusion-chai\/#comments"},"img":{"alt_text":"infusions CBD bio","src":"https:\/\/i0.wp.com\/www.chanvrier-lotois.com\/wp-content\/uploads\/2023\/06\/16-jpg.webp?fit=1108%2C1108&quality=100&ssl=1&resize=350%2C200","width":350,"height":200,"srcset":"https:\/\/i0.wp.com\/www.chanvrier-lotois.com\/wp-content\/uploads\/2023\/06\/16-jpg.webp?fit=1108%2C1108&quality=100&ssl=1&resize=350%2C200 1x, https:\/\/i0.wp.com\/www.chanvrier-lotois.com\/wp-content\/uploads\/2023\/06\/16-jpg.webp?fit=1108%2C1108&quality=100&ssl=1&resize=525%2C300 1.5x, https:\/\/i0.wp.com\/www.chanvrier-lotois.com\/wp-content\/uploads\/2023\/06\/16-jpg.webp?fit=1108%2C1108&quality=100&ssl=1&resize=700%2C400 2x, https:\/\/i0.wp.com\/www.chanvrier-lotois.com\/wp-content\/uploads\/2023\/06\/16-jpg.webp?fit=1108%2C1108&quality=100&ssl=1&resize=1050%2C600 3x"},"classes":[]}],"jetpack_sharing_enabled":true,"jetpack_likes_enabled":true,"_links":{"self":[{"href":"https:\/\/www.chanvrier-lotois.com\/index.php\/wp-json\/wp\/v2\/product\/1237","targetHints":{"allow":["GET"]}}],"collection":[{"href":"https:\/\/www.chanvrier-lotois.com\/index.php\/wp-json\/wp\/v2\/product"}],"about":[{"href":"https:\/\/www.chanvrier-lotois.com\/index.php\/wp-json\/wp\/v2\/types\/product"}],"replies":[{"embeddable":true,"href":"https:\/\/www.chanvrier-lotois.com\/index.php\/wp-json\/wp\/v2\/comments?post=1237"}],"wp:featuredmedia":[{"embeddable":true,"href":"https:\/\/www.chanvrier-lotois.com\/index.php\/wp-json\/wp\/v2\/media\/2600"}],"wp:attachment":[{"href":"https:\/\/www.chanvrier-lotois.com\/index.php\/wp-json\/wp\/v2\/media?parent=1237"}],"wp:term":[{"taxonomy":"product_brand","embeddable":true,"href":"https:\/\/www.chanvrier-lotois.com\/index.php\/wp-json\/wp\/v2\/product_brand?post=1237"},{"taxonomy":"product_cat","embeddable":true,"href":"https:\/\/www.chanvrier-lotois.com\/index.php\/wp-json\/wp\/v2\/product_cat?post=1237"},{"taxonomy":"product_tag","embeddable":true,"href":"https:\/\/www.chanvrier-lotois.com\/index.php\/wp-json\/wp\/v2\/product_tag?post=1237"}],"curies":[{"name":"wp","href":"https:\/\/api.w.org\/{rel}","templated":true}]}}