{"id":67,"date":"2022-10-08T18:56:29","date_gmt":"2022-10-08T16:56:29","guid":{"rendered":"https:\/\/www.chanvrier-lotois.com\/?page_id=67"},"modified":"2025-06-29T15:23:14","modified_gmt":"2025-06-29T13:23:14","slug":"savoirs-sur-le-cbd-de-chanvrier-lotois","status":"publish","type":"page","link":"https:\/\/www.chanvrier-lotois.com\/index.php\/savoirs-sur-le-cbd-de-chanvrier-lotois\/","title":{"rendered":"Le savoir-faire"},"content":{"rendered":"\n<p class=\"has-text-align-left has-text-color\" style=\"color:#0b265d;padding-right:201px;padding-left:201px;font-size:24px\">Chaque jour, nous enrichissons nos savoirs sur le CBD et d\u00e9veloppons avec nos partenaires des savoir-faire pour promouvoir la sant\u00e9 au naturel. <\/p>\n\n\n\n<div class=\"wp-block-media-text alignwide has-media-on-the-right is-stacked-on-mobile\" style=\"grid-template-columns:auto 45%\"><div class=\"wp-block-media-text__content\">\n<h2 class=\"wp-block-heading has-text-align-center has-text-color\" style=\"color:#e4cb86;font-size:40px\">PARTAGE DES SAVOIRS SUR LE CBD<\/h2>\n\n\n\n<div style=\"height:30px\" aria-hidden=\"true\" class=\"wp-block-spacer\"><\/div>\n\n\n\n<p class=\"has-text-align-left has-text-color\" style=\"color:#0b265d;font-size:24px\">Nous tissons un r\u00e9seau avec des coproducteurs r\u00e9gionaux afin de partager notre exp\u00e9rience et travailler ensemble sur les m\u00e9thodes adapt\u00e9es \u00e0 une production du chanvre en agriculture biologique.<\/p>\n<\/div><figure class=\"wp-block-media-text__media\"><img data-recalc-dims=\"1\" data-dominant-color=\"475a4d\" data-has-transparency=\"false\" style=\"--dominant-color: #475a4d;\" loading=\"lazy\" decoding=\"async\" width=\"800\" height=\"800\" src=\"https:\/\/i0.wp.com\/www.chanvrier-lotois.com\/wp-content\/uploads\/2024\/03\/4.webp?resize=800%2C800&#038;quality=100&#038;ssl=1\" alt=\"savoirs sur le CBD effeuillage\" class=\"wp-image-2372 size-full not-transparent\" srcset=\"https:\/\/i0.wp.com\/www.chanvrier-lotois.com\/wp-content\/uploads\/2024\/03\/4.webp?w=800&amp;quality=100&amp;ssl=1 800w, https:\/\/i0.wp.com\/www.chanvrier-lotois.com\/wp-content\/uploads\/2024\/03\/4.webp?resize=300%2C300&amp;quality=100&amp;ssl=1 300w, https:\/\/i0.wp.com\/www.chanvrier-lotois.com\/wp-content\/uploads\/2024\/03\/4.webp?resize=150%2C150&amp;quality=100&amp;ssl=1 150w, https:\/\/i0.wp.com\/www.chanvrier-lotois.com\/wp-content\/uploads\/2024\/03\/4.webp?resize=768%2C768&amp;quality=100&amp;ssl=1 768w, https:\/\/i0.wp.com\/www.chanvrier-lotois.com\/wp-content\/uploads\/2024\/03\/4.webp?resize=144%2C144&amp;quality=100&amp;ssl=1 144w, https:\/\/i0.wp.com\/www.chanvrier-lotois.com\/wp-content\/uploads\/2024\/03\/4.webp?resize=200%2C200&amp;quality=100&amp;ssl=1 200w, https:\/\/i0.wp.com\/www.chanvrier-lotois.com\/wp-content\/uploads\/2024\/03\/4.webp?resize=100%2C100&amp;quality=100&amp;ssl=1 100w, https:\/\/i0.wp.com\/www.chanvrier-lotois.com\/wp-content\/uploads\/2024\/03\/4.webp?resize=600%2C600&amp;quality=100&amp;ssl=1 600w\" sizes=\"auto, (max-width: 800px) 100vw, 800px\" \/><\/figure><\/div>\n\n\n\n<div style=\"height:60px\" aria-hidden=\"true\" class=\"wp-block-spacer\"><\/div>\n\n\n\n<div class=\"wp-block-media-text alignwide is-stacked-on-mobile has-white-background-color has-background\" style=\"grid-template-columns:45% auto\"><figure class=\"wp-block-media-text__media\"><img data-recalc-dims=\"1\" data-dominant-color=\"747252\" data-has-transparency=\"false\" style=\"--dominant-color: #747252;\" loading=\"lazy\" decoding=\"async\" width=\"800\" height=\"800\" src=\"https:\/\/i0.wp.com\/www.chanvrier-lotois.com\/wp-content\/uploads\/2024\/03\/7.webp?resize=800%2C800&#038;quality=100&#038;ssl=1\" alt=\"\" class=\"wp-image-2373 size-full not-transparent\" srcset=\"https:\/\/i0.wp.com\/www.chanvrier-lotois.com\/wp-content\/uploads\/2024\/03\/7.webp?w=800&amp;quality=100&amp;ssl=1 800w, https:\/\/i0.wp.com\/www.chanvrier-lotois.com\/wp-content\/uploads\/2024\/03\/7.webp?resize=300%2C300&amp;quality=100&amp;ssl=1 300w, https:\/\/i0.wp.com\/www.chanvrier-lotois.com\/wp-content\/uploads\/2024\/03\/7.webp?resize=150%2C150&amp;quality=100&amp;ssl=1 150w, https:\/\/i0.wp.com\/www.chanvrier-lotois.com\/wp-content\/uploads\/2024\/03\/7.webp?resize=768%2C768&amp;quality=100&amp;ssl=1 768w, https:\/\/i0.wp.com\/www.chanvrier-lotois.com\/wp-content\/uploads\/2024\/03\/7.webp?resize=144%2C144&amp;quality=100&amp;ssl=1 144w, https:\/\/i0.wp.com\/www.chanvrier-lotois.com\/wp-content\/uploads\/2024\/03\/7.webp?resize=200%2C200&amp;quality=100&amp;ssl=1 200w, https:\/\/i0.wp.com\/www.chanvrier-lotois.com\/wp-content\/uploads\/2024\/03\/7.webp?resize=100%2C100&amp;quality=100&amp;ssl=1 100w, https:\/\/i0.wp.com\/www.chanvrier-lotois.com\/wp-content\/uploads\/2024\/03\/7.webp?resize=600%2C600&amp;quality=100&amp;ssl=1 600w\" sizes=\"auto, (max-width: 800px) 100vw, 800px\" \/><\/figure><div class=\"wp-block-media-text__content\">\n<h2 class=\"wp-block-heading has-text-align-center has-text-color\" style=\"color:#e4cb86;font-size:40px\">ITIN\u00c9RAIRES TECHNIQUES PR\u00c9CIS<\/h2>\n\n\n\n<div style=\"height:30px\" aria-hidden=\"true\" class=\"wp-block-spacer\"><\/div>\n\n\n\n<p class=\"has-text-align-left has-text-color\" style=\"color:#0b265d;font-size:24px\">Nous choisissons les semences avec soin et intervenons sur nos plants \u00e0 la main pour un suivi minutieux. Nous recherchons l&rsquo;itin\u00e9raire technique id\u00e9al pour chaque vari\u00e9t\u00e9.<\/p>\n<\/div><\/div>\n\n\n\n<div style=\"height:60px\" aria-hidden=\"true\" class=\"wp-block-spacer\"><\/div>\n\n\n\n<div class=\"wp-block-media-text alignwide has-media-on-the-right is-stacked-on-mobile has-white-background-color has-background\" style=\"grid-template-columns:auto 45%\"><div class=\"wp-block-media-text__content\">\n<h2 class=\"wp-block-heading has-text-align-center has-text-color\" style=\"color:#e4cb86;font-size:40px\">EXTRACTION HAUT DE GAMME<\/h2>\n\n\n\n<div style=\"height:30px\" aria-hidden=\"true\" class=\"wp-block-spacer\"><\/div>\n\n\n\n<p class=\"has-text-align-left has-text-color has-link-color wp-elements-7fbbcfbd270e0259264acfceb2b88acd\" style=\"color:#0b265d;font-size:24px\">Sp\u00e9cialis\u00e9 en phytoth\u00e9rapie, un laboratoire pharmaceutique extrait le CBD destin\u00e9 \u00e0 <a href=\"https:\/\/www.chanvrier-lotois.com\/index.php\/cbd-bio-du-lot-boutique\/\" target=\"_blank\" rel=\"noreferrer noopener\">nos huiles<\/a> gr\u00e2ce \u00e0 la technologie au CO<sup>2<\/sup> supercritique. On obtient ainsi un spectre complet, 100% naturel, de qualit\u00e9 Gold.<\/p>\n<\/div><figure class=\"wp-block-media-text__media\"><img data-recalc-dims=\"1\" loading=\"lazy\" decoding=\"async\" width=\"800\" height=\"800\" src=\"https:\/\/i0.wp.com\/www.chanvrier-lotois.com\/wp-content\/uploads\/2024\/03\/6.webp?resize=800%2C800&#038;quality=100&#038;ssl=1\" alt=\"\" class=\"wp-image-2374 size-full\"\/><\/figure><\/div>\n\n\n\n<div style=\"height:60px\" aria-hidden=\"true\" class=\"wp-block-spacer\"><\/div>\n\n\n\n<div class=\"wp-block-media-text alignwide is-stacked-on-mobile has-white-background-color has-background\" style=\"grid-template-columns:45% auto\"><figure class=\"wp-block-media-text__media\"><img data-recalc-dims=\"1\" data-dominant-color=\"577862\" data-has-transparency=\"false\" style=\"--dominant-color: #577862;\" loading=\"lazy\" decoding=\"async\" width=\"800\" height=\"800\" src=\"https:\/\/i0.wp.com\/www.chanvrier-lotois.com\/wp-content\/uploads\/2024\/03\/5.webp?resize=800%2C800&#038;quality=100&#038;ssl=1\" alt=\"\" class=\"wp-image-2375 size-full not-transparent\" srcset=\"https:\/\/i0.wp.com\/www.chanvrier-lotois.com\/wp-content\/uploads\/2024\/03\/5.webp?w=800&amp;quality=100&amp;ssl=1 800w, https:\/\/i0.wp.com\/www.chanvrier-lotois.com\/wp-content\/uploads\/2024\/03\/5.webp?resize=300%2C300&amp;quality=100&amp;ssl=1 300w, https:\/\/i0.wp.com\/www.chanvrier-lotois.com\/wp-content\/uploads\/2024\/03\/5.webp?resize=150%2C150&amp;quality=100&amp;ssl=1 150w, https:\/\/i0.wp.com\/www.chanvrier-lotois.com\/wp-content\/uploads\/2024\/03\/5.webp?resize=768%2C768&amp;quality=100&amp;ssl=1 768w, https:\/\/i0.wp.com\/www.chanvrier-lotois.com\/wp-content\/uploads\/2024\/03\/5.webp?resize=144%2C144&amp;quality=100&amp;ssl=1 144w, https:\/\/i0.wp.com\/www.chanvrier-lotois.com\/wp-content\/uploads\/2024\/03\/5.webp?resize=200%2C200&amp;quality=100&amp;ssl=1 200w, https:\/\/i0.wp.com\/www.chanvrier-lotois.com\/wp-content\/uploads\/2024\/03\/5.webp?resize=100%2C100&amp;quality=100&amp;ssl=1 100w, https:\/\/i0.wp.com\/www.chanvrier-lotois.com\/wp-content\/uploads\/2024\/03\/5.webp?resize=600%2C600&amp;quality=100&amp;ssl=1 600w\" sizes=\"auto, (max-width: 800px) 100vw, 800px\" \/><\/figure><div class=\"wp-block-media-text__content\">\n<h2 class=\"wp-block-heading has-text-align-center has-text-color\" style=\"color:#e4cb86;font-size:40px\">SAVOIRS SUR LE CBD ET  SYNERGIE DES PLANTES<\/h2>\n\n\n\n<div style=\"height:30px\" aria-hidden=\"true\" class=\"wp-block-spacer\"><\/div>\n\n\n\n<p class=\"has-text-align-left has-text-color has-link-color wp-elements-37a27126cf41de218993b3e1eea157e5\" style=\"color:#0b265d;font-size:24px\">Nous avons fait appel \u00e0 des <a href=\"https:\/\/miimosa.com\/projects\/ateliers-jardins-l-herboriste-rit\" target=\"_blank\" rel=\"noreferrer noopener\">herboristes<\/a>, sp\u00e9cialistes de la synergie des plantes pour cr\u00e9er nos infusions au chanvre. Chaque recette permet de soutenir une vertu particuli\u00e8re de la mol\u00e9cule naturelle de CBD.<\/p>\n<\/div><\/div>\n\n\n\n<div style=\"height:100px\" aria-hidden=\"true\" class=\"wp-block-spacer\"><\/div>\n\n\n\n<p><\/p>\n","protected":false},"excerpt":{"rendered":"<p>Chaque jour, nous enrichissons nos savoirs sur le CBD et d\u00e9veloppons avec nos partenaires des savoir-faire pour promouvoir la sant\u00e9 au naturel.<\/p>\n","protected":false},"author":1,"featured_media":0,"parent":0,"menu_order":0,"comment_status":"closed","ping_status":"closed","template":"","meta":{"_monsterinsights_skip_tracking":false,"_monsterinsights_sitenote_active":false,"_monsterinsights_sitenote_note":"","_monsterinsights_sitenote_category":0,"neve_meta_sidebar":"","neve_meta_container":"","neve_meta_enable_content_width":"","neve_meta_content_width":0,"neve_meta_title_alignment":"","neve_meta_author_avatar":"","neve_post_elements_order":"","neve_meta_disable_header":"","neve_meta_disable_footer":"","neve_meta_disable_title":"","_themeisle_gutenberg_block_has_review":false,"footnotes":""},"class_list":["post-67","page","type-page","status-publish","hentry"],"aioseo_notices":[],"jetpack-related-posts":[{"id":979,"url":"https:\/\/www.chanvrier-lotois.com\/","url_meta":{"origin":67,"position":0},"title":"Le CBD fran\u00e7ais bio","author":"Lauriane Beucher","date":"31 mars 2023","format":false,"excerpt":"Chanvrier Lotois dans la presse D\u00e9couvrez les articles parus dans la presse du Lot et d'Occitanie sur notre production et le reportage France 3 r\u00e9gions. L'article de la semaine de votre producteur de CBD fran\u00e7ais bio \u00e0 Cahors Lisez les nouveaux articles du blog d\u00e9di\u00e9 au CBD. Avanc\u00e9es scientifiques, bienfaits\u2026","rel":"","context":"Article similaire","block_context":{"text":"Article similaire","link":""},"img":{"alt_text":"Le CBD bio fran\u00e7ais","src":"https:\/\/i0.wp.com\/www.chanvrier-lotois.com\/wp-content\/uploads\/2024\/11\/banniere-site-A2-paysage-1.webp?fit=1200%2C848&quality=100&ssl=1&resize=350%2C200","width":350,"height":200,"srcset":"https:\/\/i0.wp.com\/www.chanvrier-lotois.com\/wp-content\/uploads\/2024\/11\/banniere-site-A2-paysage-1.webp?fit=1200%2C848&quality=100&ssl=1&resize=350%2C200 1x, https:\/\/i0.wp.com\/www.chanvrier-lotois.com\/wp-content\/uploads\/2024\/11\/banniere-site-A2-paysage-1.webp?fit=1200%2C848&quality=100&ssl=1&resize=525%2C300 1.5x, https:\/\/i0.wp.com\/www.chanvrier-lotois.com\/wp-content\/uploads\/2024\/11\/banniere-site-A2-paysage-1.webp?fit=1200%2C848&quality=100&ssl=1&resize=700%2C400 2x, https:\/\/i0.wp.com\/www.chanvrier-lotois.com\/wp-content\/uploads\/2024\/11\/banniere-site-A2-paysage-1.webp?fit=1200%2C848&quality=100&ssl=1&resize=1050%2C600 3x"},"classes":[]},{"id":430,"url":"https:\/\/www.chanvrier-lotois.com\/index.php\/entreprise-de-cbd-bio\/","url_meta":{"origin":67,"position":1},"title":"L&rsquo;entreprise","author":"Lauriane Beucher","date":"28 f\u00e9vrier 2023","format":false,"excerpt":"L'entreprise de CBD bio Chanvrier Lotois s\u2019est install\u00e9e en 2021 sur les terres du Lot, d\u00e9partement occitan qui porte les traces d\u2019une culture chanvri\u00e8re ancestrale. Elle a \u00e0 c\u0153ur de prendre soin des humains comme de respecter l\u2019environnement. Le Lot : terre de chanvre d\u00e8s l'Antiquit\u00e9 La culture du chanvre\u2026","rel":"","context":"Article similaire","block_context":{"text":"Article similaire","link":""},"img":{"alt_text":"","src":"https:\/\/i0.wp.com\/www.chanvrier-lotois.com\/wp-content\/uploads\/2024\/03\/3-1.webp?resize=350%2C200&quality=100&ssl=1","width":350,"height":200,"srcset":"https:\/\/i0.wp.com\/www.chanvrier-lotois.com\/wp-content\/uploads\/2024\/03\/3-1.webp?resize=350%2C200&quality=100&ssl=1 1x, https:\/\/i0.wp.com\/www.chanvrier-lotois.com\/wp-content\/uploads\/2024\/03\/3-1.webp?resize=525%2C300&quality=100&ssl=1 1.5x, https:\/\/i0.wp.com\/www.chanvrier-lotois.com\/wp-content\/uploads\/2024\/03\/3-1.webp?resize=700%2C400&quality=100&ssl=1 2x"},"classes":[]},{"id":476,"url":"https:\/\/www.chanvrier-lotois.com\/index.php\/chanvrier-lotois-catalogue-pour-les-pros\/","url_meta":{"origin":67,"position":2},"title":"L&rsquo;espace pro","author":"Lauriane Beucher","date":"4 mars 2023","format":false,"excerpt":"Vous \u00eates un professionnel ? Recevez notre catalogue de produits au CBD bio d\u00e9di\u00e9 et b\u00e9n\u00e9ficiez de nos offres pour les pros. Int\u00e9ress\u00e9 par du CBD bio cultiv\u00e9 en Occitanie ? Remplissez le formulaire suivant pour recevoir votre catalogue par e-mail Pourquoi choisir dans notre catalogue de produits CBD bio\u2026","rel":"","context":"Article similaire","block_context":{"text":"Article similaire","link":""},"img":{"alt_text":"","src":"https:\/\/i0.wp.com\/www.chanvrier-lotois.com\/wp-content\/uploads\/2024\/03\/Espace-pro.webp?resize=350%2C200&quality=100&ssl=1","width":350,"height":200,"srcset":"https:\/\/i0.wp.com\/www.chanvrier-lotois.com\/wp-content\/uploads\/2024\/03\/Espace-pro.webp?resize=350%2C200&quality=100&ssl=1 1x, https:\/\/i0.wp.com\/www.chanvrier-lotois.com\/wp-content\/uploads\/2024\/03\/Espace-pro.webp?resize=525%2C300&quality=100&ssl=1 1.5x, https:\/\/i0.wp.com\/www.chanvrier-lotois.com\/wp-content\/uploads\/2024\/03\/Espace-pro.webp?resize=700%2C400&quality=100&ssl=1 2x"},"classes":[]},{"id":951,"url":"https:\/\/www.chanvrier-lotois.com\/index.php\/conditions-pro-pour-la-vente\/","url_meta":{"origin":67,"position":3},"title":"Conditions g\u00e9n\u00e9rales de vente pour les professionnels","author":"Lauriane Beucher","date":"31 mars 2023","format":false,"excerpt":"1. PR\u00c9AMBULE.\u00a0 Les pr\u00e9sentes Conditions\u00a0 G\u00e9n\u00e9rales de Vente (\u00ab CGV\u00bb) ont pour objet de\u00a0 d\u00e9finir les modalit\u00e9s et conditions de ventes de ses produits (\u00ab Produits \u00bb) propos\u00e9s par la\u00a0 soci\u00e9t\u00e9 Chanvrier Lotois aux professionnels (l\u2019\u00ab\u00a0 Acheteur\u00bb) en vue de leur revente aupr\u00e8s de\u00a0 leurs clients. 2. VENDEUR.\u00a0 Le vendeur\u2026","rel":"","context":"Article similaire","block_context":{"text":"Article similaire","link":""},"img":{"alt_text":"","src":"","width":0,"height":0},"classes":[]},{"id":814,"url":"https:\/\/www.chanvrier-lotois.com\/index.php\/questions-sur-le-cbd-bio-et-nous-contacter\/","url_meta":{"origin":67,"position":4},"title":"Nous contacter","author":"Lauriane Beucher","date":"15 mars 2023","format":false,"excerpt":"Questions fr\u00e9quentes sur nos produits : Consultez les r\u00e9ponses aux questions les plus courantes de nos clients. Quel est le dosage d'huile de CBD pr\u00e9conis\u00e9 ? Les organismes de sant\u00e9 conseillent de ne pas d\u00e9passer la dose de 70 mg de CBD par jour. Il est pr\u00e9f\u00e9rable de commencer par\u2026","rel":"","context":"Article similaire","block_context":{"text":"Article similaire","link":""},"img":{"alt_text":"","src":"https:\/\/i0.wp.com\/www.chanvrier-lotois.com\/wp-content\/uploads\/2024\/03\/Mail-1.webp?resize=350%2C200&quality=100&ssl=1","width":350,"height":200,"srcset":"https:\/\/i0.wp.com\/www.chanvrier-lotois.com\/wp-content\/uploads\/2024\/03\/Mail-1.webp?resize=350%2C200&quality=100&ssl=1 1x, https:\/\/i0.wp.com\/www.chanvrier-lotois.com\/wp-content\/uploads\/2024\/03\/Mail-1.webp?resize=525%2C300&quality=100&ssl=1 1.5x, https:\/\/i0.wp.com\/www.chanvrier-lotois.com\/wp-content\/uploads\/2024\/03\/Mail-1.webp?resize=700%2C400&quality=100&ssl=1 2x"},"classes":[]},{"id":925,"url":"https:\/\/www.chanvrier-lotois.com\/index.php\/conditions-generales-de-vente\/","url_meta":{"origin":67,"position":5},"title":"Conditions g\u00e9n\u00e9rales de vente","author":"Lauriane Beucher","date":"28 mars 2023","format":false,"excerpt":"\u2013 PR\u00c9AMBULE \u2013 Les pr\u00e9sentes Conditions G\u00e9n\u00e9rales de Vente (ci-apr\u00e8s \u00ab les Conditions G\u00e9n\u00e9rales \u00bb) ont pour objet de d\u00e9finir les modalit\u00e9s et conditions des services et ventes des produits propos\u00e9s par la soci\u00e9t\u00e9 Chanvrier Lotois SAS et figurant sur le site \u00ab chanvrier-lotois.com \u00bb (ci-apr\u00e8s \u00ab le Site \u00bb),\u2026","rel":"","context":"Article similaire","block_context":{"text":"Article similaire","link":""},"img":{"alt_text":"","src":"","width":0,"height":0},"classes":[]}],"jetpack_sharing_enabled":true,"jetpack_likes_enabled":true,"_links":{"self":[{"href":"https:\/\/www.chanvrier-lotois.com\/index.php\/wp-json\/wp\/v2\/pages\/67","targetHints":{"allow":["GET"]}}],"collection":[{"href":"https:\/\/www.chanvrier-lotois.com\/index.php\/wp-json\/wp\/v2\/pages"}],"about":[{"href":"https:\/\/www.chanvrier-lotois.com\/index.php\/wp-json\/wp\/v2\/types\/page"}],"author":[{"embeddable":true,"href":"https:\/\/www.chanvrier-lotois.com\/index.php\/wp-json\/wp\/v2\/users\/1"}],"replies":[{"embeddable":true,"href":"https:\/\/www.chanvrier-lotois.com\/index.php\/wp-json\/wp\/v2\/comments?post=67"}],"version-history":[{"count":24,"href":"https:\/\/www.chanvrier-lotois.com\/index.php\/wp-json\/wp\/v2\/pages\/67\/revisions"}],"predecessor-version":[{"id":4028,"href":"https:\/\/www.chanvrier-lotois.com\/index.php\/wp-json\/wp\/v2\/pages\/67\/revisions\/4028"}],"wp:attachment":[{"href":"https:\/\/www.chanvrier-lotois.com\/index.php\/wp-json\/wp\/v2\/media?parent=67"}],"curies":[{"name":"wp","href":"https:\/\/api.w.org\/{rel}","templated":true}]}}