{"id":476,"date":"2023-03-04T13:36:26","date_gmt":"2023-03-04T12:36:26","guid":{"rendered":"https:\/\/www.chanvrier-lotois.com\/?page_id=476"},"modified":"2025-06-29T15:27:36","modified_gmt":"2025-06-29T13:27:36","slug":"chanvrier-lotois-catalogue-pour-les-pros","status":"publish","type":"page","link":"https:\/\/www.chanvrier-lotois.com\/index.php\/chanvrier-lotois-catalogue-pour-les-pros\/","title":{"rendered":"L&rsquo;espace pro"},"content":{"rendered":"\n<p class=\"has-text-align-left has-text-color\" style=\"color:#0b265d;padding-right:200px;padding-left:200px;font-size:25px\">Vous \u00eates un <a href=\"https:\/\/www.chanvrier-lotois.com\/index.php\/les-points-de-vente\/\" target=\"_blank\" rel=\"noreferrer noopener\">professionnel<\/a> ? Recevez notre catalogue de produits au CBD bio d\u00e9di\u00e9 et b\u00e9n\u00e9ficiez de nos offres pour les <a href=\"https:\/\/www.cbdactu.fr\/\" target=\"_blank\" rel=\"noreferrer noopener\">pros<\/a>.<\/p>\n\n\n\n<div class=\"wp-block-media-text alignwide is-stacked-on-mobile\" style=\"grid-template-columns:15% auto\"><figure class=\"wp-block-media-text__media\"><img data-recalc-dims=\"1\" data-dominant-color=\"283a5e\" data-has-transparency=\"false\" style=\"--dominant-color: #283a5e;\" loading=\"lazy\" decoding=\"async\" width=\"800\" height=\"800\" src=\"https:\/\/i0.wp.com\/www.chanvrier-lotois.com\/wp-content\/uploads\/2024\/03\/Espace-pro.webp?resize=800%2C800&#038;quality=100&#038;ssl=1\" alt=\"\" class=\"wp-image-2413 size-full not-transparent\" srcset=\"https:\/\/i0.wp.com\/www.chanvrier-lotois.com\/wp-content\/uploads\/2024\/03\/Espace-pro.webp?w=800&amp;quality=100&amp;ssl=1 800w, https:\/\/i0.wp.com\/www.chanvrier-lotois.com\/wp-content\/uploads\/2024\/03\/Espace-pro.webp?resize=300%2C300&amp;quality=100&amp;ssl=1 300w, https:\/\/i0.wp.com\/www.chanvrier-lotois.com\/wp-content\/uploads\/2024\/03\/Espace-pro.webp?resize=150%2C150&amp;quality=100&amp;ssl=1 150w, https:\/\/i0.wp.com\/www.chanvrier-lotois.com\/wp-content\/uploads\/2024\/03\/Espace-pro.webp?resize=768%2C768&amp;quality=100&amp;ssl=1 768w, https:\/\/i0.wp.com\/www.chanvrier-lotois.com\/wp-content\/uploads\/2024\/03\/Espace-pro.webp?resize=144%2C144&amp;quality=100&amp;ssl=1 144w, https:\/\/i0.wp.com\/www.chanvrier-lotois.com\/wp-content\/uploads\/2024\/03\/Espace-pro.webp?resize=200%2C200&amp;quality=100&amp;ssl=1 200w, https:\/\/i0.wp.com\/www.chanvrier-lotois.com\/wp-content\/uploads\/2024\/03\/Espace-pro.webp?resize=100%2C100&amp;quality=100&amp;ssl=1 100w, https:\/\/i0.wp.com\/www.chanvrier-lotois.com\/wp-content\/uploads\/2024\/03\/Espace-pro.webp?resize=600%2C600&amp;quality=100&amp;ssl=1 600w\" sizes=\"auto, (max-width: 800px) 100vw, 800px\" \/><\/figure><div class=\"wp-block-media-text__content\">\n<h2 class=\"wp-block-heading has-text-align-center has-text-color has-link-color wp-elements-523fb02d4759223486e5841a241ebb60\" style=\"color:#cbae60;font-size:40px\">Int\u00e9ress\u00e9 par du CBD bio cultiv\u00e9 en Occitanie ? <\/h2>\n<\/div><\/div>\n\n\n\n<div style=\"height:30px\" aria-hidden=\"true\" class=\"wp-block-spacer\"><\/div>\n\n\n\n<p class=\"has-text-align-center has-text-color\" style=\"color:#0b265d;padding-right:200px;padding-left:200px;font-size:24px\">Remplissez le formulaire suivant pour recevoir votre catalogue par e-mail<\/p>\n\n\n\n<div style=\"height:28px\" aria-hidden=\"true\" class=\"wp-block-spacer\"><\/div>\n\n\n<div class=\"wp-block-jetpack-contact-form is-style-outlined\"><a href=\"https:\/\/www.chanvrier-lotois.com\/index.php\/chanvrier-lotois-catalogue-pour-les-pros\/\" target=\"_blank\" rel=\"noopener noreferrer\">Soumettre un formulaire.<\/a><\/div>\n\n\n<div style=\"height:41px\" aria-hidden=\"true\" class=\"wp-block-spacer\"><\/div>\n\n\n\n<h1 class=\"wp-block-heading has-green-color has-text-color has-link-color wp-elements-20b3849794033c3db435fad8e77a9aae\">Pourquoi choisir dans notre catalogue de produits CBD bio fran\u00e7ais ?&nbsp;&nbsp;<\/h1>\n\n\n\n<p class=\"has-text-color\" style=\"color:#0b265d;font-size:24px\"><strong>Alors que la recherche scientifique encourage les \u00c9tats-Unis et le Canada et des pays europ\u00e9ens \u00e0 \u00e9tendre l\u2019usage m\u00e9dicinal du chanvre bien-\u00eatre, la France reste extr\u00eamement prudente vis-\u00e0-vis du CBD fran\u00e7ais et l\u00e9gif\u00e8re <a href=\"https:\/\/www.francetvinfo.fr\/sante\/drogue-addictions\/cannabis\/cannabis-le-conseil-d-etat-autorise-definitivement-la-vente-de-fleurs-de-cbd-en-france_5569650.html\" target=\"_blank\" rel=\"noreferrer noopener\">\u00e0 pas de fourmi <\/a>sur sa production et sa commercialisation.&nbsp;<\/strong><\/p>\n\n\n\n<p class=\"has-text-color\" style=\"color:#0b265d;font-size:24px\"><strong>Il y a pourtant de nombreux avantages \u00e0 soutenir les produits \u00e0 base de cannabidiol fabriqu\u00e9s en France.<\/strong><\/p>\n\n\n\n<h2 class=\"wp-block-heading has-text-color\" style=\"color:#cbae60;font-size:30px\">Vous respectez la r\u00e9glementation sur la consommation de cannabino\u00efdes<\/h2>\n\n\n\n<p class=\"has-text-color\" style=\"color:#0b265d;font-size:24px\">Pour les fleurs de CBD et l\u2019extrait de CBD \u00e0 spectre complet naturel, la r\u00e9glementation fran\u00e7aise autorise un pourcentage infime de THC qui ne doit pas exc\u00e9der 0,3%. Nos produits Chanvrier Lotois sont analys\u00e9s en laboratoire certifi\u00e9 pour v\u00e9rifier les compositions.&nbsp;<\/p>\n\n\n\n<p class=\"has-text-color\" style=\"color:#0b265d;font-size:24px\">D\u2019autres \u00c9tats autorisent des taux l\u00e9gaux qui vont jusqu\u2019\u00e0 1% de THC qui peuvent vous mettre en porte-\u00e0-faux.<\/p>\n\n\n\n<h2 class=\"wp-block-heading has-text-color\" style=\"color:#cbae60;font-size:30px\">Vous prenez soin de vous et de l\u2019environnement<\/h2>\n\n\n\n<p class=\"has-text-color\" style=\"color:#0b265d;font-size:24px\">D\u2019une part, vous r\u00e9duisez la pollution due aux transports de la marchandise. D\u2019autre part, vous participez au d\u00e9veloppement de la diversification des cultures. Le chanvre est une plante d\u2019avenir pour le textile, la nutrition et la sant\u00e9 puisqu\u2019elle consomme peu d\u2019eau et aide les sols \u00e0 s\u2019a\u00e9rer gr\u00e2ce \u00e0 ses racines en spirale. D\u00e9velopper <a href=\"https:\/\/www.chanvrier-lotois.com\/#les-valeurs\" target=\"_blank\" rel=\"noreferrer noopener\">une fili\u00e8re solide en France<\/a> fait progresser l\u2019agriculture dans une bonne voie.<\/p>\n\n\n\n<h2 class=\"wp-block-heading has-text-color\" style=\"color:#cbae60;font-size:30px\">Vous allez plus loin en choisissant du CBD fran\u00e7ais et bio<\/h2>\n\n\n\n<p class=\"has-text-color\" style=\"color:#0b265d;font-size:24px\">Naturel ? Certes. Mais, un produit au CBD doit aussi \u00eatre sain et respectueux des terres qui l\u2019ont vu pousser. Si vous consommez du chanvre bien-\u00eatre, il est important de privil\u00e9gier des plantes cultiv\u00e9es en agriculture certifi\u00e9e biologique, sans pesticides ni herbicides.<\/p>\n\n\n\n<p class=\"has-text-color\" style=\"color:#0b265d;font-size:24px\">Vous \u00eates ainsi certains d\u2019apporter le meilleur \u00e0 votre corps tout en pr\u00e9servant la nature.&nbsp;&nbsp;&nbsp;<\/p>\n\n\n\n<figure class=\"wp-block-image size-large\"><img data-recalc-dims=\"1\" data-dominant-color=\"816b45\" data-has-transparency=\"false\" style=\"--dominant-color: #816b45;\" loading=\"lazy\" decoding=\"async\" width=\"1024\" height=\"578\" src=\"https:\/\/i0.wp.com\/www.chanvrier-lotois.com\/wp-content\/uploads\/2023\/03\/CBD-bio-1024x578.webp?resize=1024%2C578&#038;quality=100&#038;ssl=1\" alt=\"CBD fran\u00e7ais en semi\n\" class=\"wp-image-676 not-transparent\" srcset=\"https:\/\/i0.wp.com\/www.chanvrier-lotois.com\/wp-content\/uploads\/2023\/03\/CBD-bio-jpg.webp?resize=1024%2C578&amp;quality=100&amp;ssl=1 1024w, https:\/\/i0.wp.com\/www.chanvrier-lotois.com\/wp-content\/uploads\/2023\/03\/CBD-bio-jpg.webp?resize=300%2C169&amp;quality=100&amp;ssl=1 300w, https:\/\/i0.wp.com\/www.chanvrier-lotois.com\/wp-content\/uploads\/2023\/03\/CBD-bio-jpg.webp?resize=768%2C434&amp;quality=100&amp;ssl=1 768w, https:\/\/i0.wp.com\/www.chanvrier-lotois.com\/wp-content\/uploads\/2023\/03\/CBD-bio-jpg.webp?resize=1536%2C867&amp;quality=100&amp;ssl=1 1536w, https:\/\/i0.wp.com\/www.chanvrier-lotois.com\/wp-content\/uploads\/2023\/03\/CBD-bio-jpg.webp?resize=2048%2C1156&amp;quality=100&amp;ssl=1 2048w, https:\/\/i0.wp.com\/www.chanvrier-lotois.com\/wp-content\/uploads\/2023\/03\/CBD-bio-jpg.webp?resize=2000%2C1129&amp;quality=100&amp;ssl=1 2000w, https:\/\/i0.wp.com\/www.chanvrier-lotois.com\/wp-content\/uploads\/2023\/03\/CBD-bio-jpg.webp?resize=1320%2C745&amp;quality=100&amp;ssl=1 1320w, https:\/\/i0.wp.com\/www.chanvrier-lotois.com\/wp-content\/uploads\/2023\/03\/CBD-bio-jpg.webp?w=2400&amp;quality=100&amp;ssl=1 2400w\" sizes=\"auto, (max-width: 1024px) 100vw, 1024px\" \/><\/figure>\n\n\n\n<h2 class=\"wp-block-heading has-text-color\" style=\"color:#cbae60;font-size:30px\">Vous pouvez vous assurer de la tra\u00e7abilit\u00e9 des produits au CBD fran\u00e7ais<\/h2>\n\n\n\n<p class=\"has-text-color\" style=\"color:#0b265d;font-size:24px\">Beaucoup de produits transform\u00e9s \u00e0 base de CBD sont aujourd\u2019hui disponibles \u00e0 la vente en France. Les huiles sublinguales font partie des solutions les plus efficaces pour diminuer le stress, r\u00e9soudre les probl\u00e8mes de sommeil ou encore soulager les douleurs chroniques.<\/p>\n\n\n\n<p class=\"has-text-color\" style=\"color:#0b265d;font-size:24px\">Une extraction de qualit\u00e9 n\u00e9cessite cependant un savoir-faire et il est important de s\u2019assurer qu\u2019elle ait \u00e9t\u00e9 effectu\u00e9e dans un laboratoire aux normes pharmaceutiques et que les producteurs aient fait le choix de l\u2019extraction au CO2 supercritique, la plus qualitative puisqu\u2019elle n\u2019utilise aucun solvant et se fait \u00e0 froid.&nbsp;<\/p>\n\n\n\n<div style=\"height:100px\" aria-hidden=\"true\" class=\"wp-block-spacer\"><\/div>\n\n\n\n<p><\/p>\n","protected":false},"excerpt":{"rendered":"<p>Vous \u00eates un professionnel ? Recevez notre catalogue de produits au CBD bio d\u00e9di\u00e9 et b\u00e9n\u00e9ficiez de nos offres pour les pros. Int\u00e9ress\u00e9 par du CBD bio cultiv\u00e9 en Occitanie ? Remplissez le formulaire suivant pour recevoir votre catalogue par e-mail Pourquoi choisir dans notre catalogue de produits CBD bio fran\u00e7ais ?&nbsp;&nbsp; Alors que la&hellip;&nbsp;<\/p>\n","protected":false},"author":1,"featured_media":0,"parent":0,"menu_order":0,"comment_status":"closed","ping_status":"closed","template":"","meta":{"_monsterinsights_skip_tracking":false,"_monsterinsights_sitenote_active":false,"_monsterinsights_sitenote_note":"","_monsterinsights_sitenote_category":0,"neve_meta_sidebar":"","neve_meta_container":"","neve_meta_enable_content_width":"","neve_meta_content_width":0,"neve_meta_title_alignment":"","neve_meta_author_avatar":"","neve_post_elements_order":"","neve_meta_disable_header":"","neve_meta_disable_footer":"","neve_meta_disable_title":"","_themeisle_gutenberg_block_has_review":false,"footnotes":""},"class_list":["post-476","page","type-page","status-publish","hentry"],"aioseo_notices":[],"jetpack-related-posts":[{"id":979,"url":"https:\/\/www.chanvrier-lotois.com\/","url_meta":{"origin":476,"position":0},"title":"Le CBD fran\u00e7ais bio","author":"Lauriane Beucher","date":"31 mars 2023","format":false,"excerpt":"Chanvrier Lotois dans la presse D\u00e9couvrez les articles parus dans la presse du Lot et d'Occitanie sur notre production et le reportage France 3 r\u00e9gions. L'article de la semaine de votre producteur de CBD fran\u00e7ais bio \u00e0 Cahors Lisez les nouveaux articles du blog d\u00e9di\u00e9 au CBD. Avanc\u00e9es scientifiques, bienfaits\u2026","rel":"","context":"Article similaire","block_context":{"text":"Article similaire","link":""},"img":{"alt_text":"Le CBD bio fran\u00e7ais","src":"https:\/\/i0.wp.com\/www.chanvrier-lotois.com\/wp-content\/uploads\/2024\/11\/banniere-site-A2-paysage-1.webp?fit=1200%2C848&quality=100&ssl=1&resize=350%2C200","width":350,"height":200,"srcset":"https:\/\/i0.wp.com\/www.chanvrier-lotois.com\/wp-content\/uploads\/2024\/11\/banniere-site-A2-paysage-1.webp?fit=1200%2C848&quality=100&ssl=1&resize=350%2C200 1x, https:\/\/i0.wp.com\/www.chanvrier-lotois.com\/wp-content\/uploads\/2024\/11\/banniere-site-A2-paysage-1.webp?fit=1200%2C848&quality=100&ssl=1&resize=525%2C300 1.5x, https:\/\/i0.wp.com\/www.chanvrier-lotois.com\/wp-content\/uploads\/2024\/11\/banniere-site-A2-paysage-1.webp?fit=1200%2C848&quality=100&ssl=1&resize=700%2C400 2x, https:\/\/i0.wp.com\/www.chanvrier-lotois.com\/wp-content\/uploads\/2024\/11\/banniere-site-A2-paysage-1.webp?fit=1200%2C848&quality=100&ssl=1&resize=1050%2C600 3x"},"classes":[]},{"id":68,"url":"https:\/\/www.chanvrier-lotois.com\/index.php\/bien-etre-au-naturel-cbd-bio\/","url_meta":{"origin":476,"position":1},"title":"Les valeurs","author":"Lauriane Beucher","date":"8 octobre 2022","format":false,"excerpt":"Le d\u00e9veloppement de l'entreprise Chanvrier Lotois s'appuie sur des valeurs fortes pour promouvoir le bien-\u00eatre au naturel et pour prot\u00e9ger notre environnement. OFFRIR LE BIEN-\u00caTRE AU NATUREL Notre gamme de produits au CBD s'adapte \u00e0 vos besoins. Elle \u00e9volue selon les \u00e9tudes et les d\u00e9couvertes scientifiques concernant les b\u00e9n\u00e9fices des\u2026","rel":"","context":"Article similaire","block_context":{"text":"Article similaire","link":""},"img":{"alt_text":"Azur\u00e9e sur les semis de CBD qui montrent les valeurs bio de Chanvrier Lotois","src":"https:\/\/i0.wp.com\/www.chanvrier-lotois.com\/wp-content\/uploads\/2023\/03\/4.-Azure-scaled.webp?fit=1200%2C803&quality=100&ssl=1&resize=350%2C200","width":350,"height":200,"srcset":"https:\/\/i0.wp.com\/www.chanvrier-lotois.com\/wp-content\/uploads\/2023\/03\/4.-Azure-scaled.webp?fit=1200%2C803&quality=100&ssl=1&resize=350%2C200 1x, https:\/\/i0.wp.com\/www.chanvrier-lotois.com\/wp-content\/uploads\/2023\/03\/4.-Azure-scaled.webp?fit=1200%2C803&quality=100&ssl=1&resize=525%2C300 1.5x, https:\/\/i0.wp.com\/www.chanvrier-lotois.com\/wp-content\/uploads\/2023\/03\/4.-Azure-scaled.webp?fit=1200%2C803&quality=100&ssl=1&resize=700%2C400 2x, https:\/\/i0.wp.com\/www.chanvrier-lotois.com\/wp-content\/uploads\/2023\/03\/4.-Azure-scaled.webp?fit=1200%2C803&quality=100&ssl=1&resize=1050%2C600 3x"},"classes":[]},{"id":787,"url":"https:\/\/www.chanvrier-lotois.com\/index.php\/merci-demande-catalogue-pro\/","url_meta":{"origin":476,"position":2},"title":"Merci !","author":"Lauriane Beucher","date":"15 mars 2023","format":false,"excerpt":"Nous avons bien enregistr\u00e9 votre demande. Chanvrier Lotois vous remercie pour l'int\u00e9r\u00eat port\u00e9 \u00e0 ses produits et r\u00e9pond \u00e0 votre demande dans les plus brefs d\u00e9lais.","rel":"","context":"Article similaire","block_context":{"text":"Article similaire","link":""},"img":{"alt_text":"production CBD France","src":"https:\/\/i0.wp.com\/www.chanvrier-lotois.com\/wp-content\/uploads\/2023\/03\/photo-TDB-Samuel-et-Boris-scaled.webp?fit=1200%2C803&quality=100&ssl=1&resize=350%2C200","width":350,"height":200,"srcset":"https:\/\/i0.wp.com\/www.chanvrier-lotois.com\/wp-content\/uploads\/2023\/03\/photo-TDB-Samuel-et-Boris-scaled.webp?fit=1200%2C803&quality=100&ssl=1&resize=350%2C200 1x, https:\/\/i0.wp.com\/www.chanvrier-lotois.com\/wp-content\/uploads\/2023\/03\/photo-TDB-Samuel-et-Boris-scaled.webp?fit=1200%2C803&quality=100&ssl=1&resize=525%2C300 1.5x, https:\/\/i0.wp.com\/www.chanvrier-lotois.com\/wp-content\/uploads\/2023\/03\/photo-TDB-Samuel-et-Boris-scaled.webp?fit=1200%2C803&quality=100&ssl=1&resize=700%2C400 2x, https:\/\/i0.wp.com\/www.chanvrier-lotois.com\/wp-content\/uploads\/2023\/03\/photo-TDB-Samuel-et-Boris-scaled.webp?fit=1200%2C803&quality=100&ssl=1&resize=1050%2C600 3x"},"classes":[]},{"id":825,"url":"https:\/\/www.chanvrier-lotois.com\/index.php\/cbd-doccitanie-cbd-bio-du-lot\/","url_meta":{"origin":476,"position":3},"title":"La presse","author":"Lauriane Beucher","date":"16 mars 2023","format":false,"excerpt":"La presse parle de Chanvrier Lotois, producteur de CBD d'Occitanie en bio. Revivez l'histoire de l'entreprise de chanvre bien-\u00eatre. Reportages et articles d\u00e9roulent l'\u00e9volution du chanvre bio dans le Lot depuis la cr\u00e9ation de Chanvrier Lotois. Mars 2025 : Partenariat avec Les Acolytes pour une bi\u00e8re au chanvre 100 %\u2026","rel":"","context":"Article similaire","block_context":{"text":"Article similaire","link":""},"img":{"alt_text":"","src":"https:\/\/i0.wp.com\/www.chanvrier-lotois.com\/wp-content\/uploads\/2025\/03\/Capture-decran-2025-03-24-a-10.16.42-png.webp?resize=350%2C200&quality=100&ssl=1","width":350,"height":200,"srcset":"https:\/\/i0.wp.com\/www.chanvrier-lotois.com\/wp-content\/uploads\/2025\/03\/Capture-decran-2025-03-24-a-10.16.42-png.webp?resize=350%2C200&quality=100&ssl=1 1x, https:\/\/i0.wp.com\/www.chanvrier-lotois.com\/wp-content\/uploads\/2025\/03\/Capture-decran-2025-03-24-a-10.16.42-png.webp?resize=525%2C300&quality=100&ssl=1 1.5x, https:\/\/i0.wp.com\/www.chanvrier-lotois.com\/wp-content\/uploads\/2025\/03\/Capture-decran-2025-03-24-a-10.16.42-png.webp?resize=700%2C400&quality=100&ssl=1 2x, https:\/\/i0.wp.com\/www.chanvrier-lotois.com\/wp-content\/uploads\/2025\/03\/Capture-decran-2025-03-24-a-10.16.42-png.webp?resize=1050%2C600&quality=100&ssl=1 3x"},"classes":[]},{"id":3197,"url":"https:\/\/www.chanvrier-lotois.com\/index.php\/canahe-fleurs-de-cbd-par-chanvrier-lotois\/","url_meta":{"origin":476,"position":4},"title":"Canah\u00e9 par Chanvrier Lotois","author":"Lauriane Beucher","date":"8 janvier 2025","format":false,"excerpt":"Canah\u00e9 est la s\u00e9lection incontournable de nos fleurs, r\u00e9sines et sticks, disponibles chez les buralistes et magasins de vape partenaires. Savoureuses et vari\u00e9es, de gros calibre ou en pop's, enti\u00e8res ou d\u00e9j\u00e0 roul\u00e9es, les fleurs de CBD s'adaptent \u00e0 votre quotidien et \u00e0 vos go\u00fbts en respectant les valeurs que\u2026","rel":"","context":"Article similaire","block_context":{"text":"Article similaire","link":""},"img":{"alt_text":"sticks CBD","src":"https:\/\/i0.wp.com\/www.chanvrier-lotois.com\/wp-content\/uploads\/2025\/01\/11-1-scaled.webp?resize=350%2C200&quality=100&ssl=1","width":350,"height":200,"srcset":"https:\/\/i0.wp.com\/www.chanvrier-lotois.com\/wp-content\/uploads\/2025\/01\/11-1-scaled.webp?resize=350%2C200&quality=100&ssl=1 1x, https:\/\/i0.wp.com\/www.chanvrier-lotois.com\/wp-content\/uploads\/2025\/01\/11-1-scaled.webp?resize=525%2C300&quality=100&ssl=1 1.5x, https:\/\/i0.wp.com\/www.chanvrier-lotois.com\/wp-content\/uploads\/2025\/01\/11-1-scaled.webp?resize=700%2C400&quality=100&ssl=1 2x, https:\/\/i0.wp.com\/www.chanvrier-lotois.com\/wp-content\/uploads\/2025\/01\/11-1-scaled.webp?resize=1050%2C600&quality=100&ssl=1 3x, https:\/\/i0.wp.com\/www.chanvrier-lotois.com\/wp-content\/uploads\/2025\/01\/11-1-scaled.webp?resize=1400%2C800&quality=100&ssl=1 4x"},"classes":[]},{"id":433,"url":"https:\/\/www.chanvrier-lotois.com\/index.php\/les-points-de-vente-chanvrier-lotois\/","url_meta":{"origin":476,"position":5},"title":"Les points de vente","author":"Lauriane Beucher","date":"1 mars 2023","format":false,"excerpt":"Chanvrier Lotois a d\u00e9velopp\u00e9 un r\u00e9seau de points de vente en France. Nous travaillons en \u00e9troite collaboration avec des CBD shops, des magasins bien-\u00eatre, des magasins bio et de producteurs ainsi que des pharmacies. Nous \u00e9changeons r\u00e9guli\u00e8rement avec ces professionnels du chanvre \u00e0 principes actifs et de la phytoth\u00e9rapie pour\u2026","rel":"","context":"Article similaire","block_context":{"text":"Article similaire","link":""},"img":{"alt_text":"","src":"https:\/\/i0.wp.com\/www.chanvrier-lotois.com\/wp-content\/uploads\/2024\/03\/points-de-vente-1-scaled.webp?fit=1200%2C375&quality=100&ssl=1&resize=350%2C200","width":350,"height":200,"srcset":"https:\/\/i0.wp.com\/www.chanvrier-lotois.com\/wp-content\/uploads\/2024\/03\/points-de-vente-1-scaled.webp?fit=1200%2C375&quality=100&ssl=1&resize=350%2C200 1x, https:\/\/i0.wp.com\/www.chanvrier-lotois.com\/wp-content\/uploads\/2024\/03\/points-de-vente-1-scaled.webp?fit=1200%2C375&quality=100&ssl=1&resize=525%2C300 1.5x, https:\/\/i0.wp.com\/www.chanvrier-lotois.com\/wp-content\/uploads\/2024\/03\/points-de-vente-1-scaled.webp?fit=1200%2C375&quality=100&ssl=1&resize=700%2C400 2x, https:\/\/i0.wp.com\/www.chanvrier-lotois.com\/wp-content\/uploads\/2024\/03\/points-de-vente-1-scaled.webp?fit=1200%2C375&quality=100&ssl=1&resize=1050%2C600 3x"},"classes":[]}],"jetpack_sharing_enabled":true,"jetpack_likes_enabled":true,"_links":{"self":[{"href":"https:\/\/www.chanvrier-lotois.com\/index.php\/wp-json\/wp\/v2\/pages\/476","targetHints":{"allow":["GET"]}}],"collection":[{"href":"https:\/\/www.chanvrier-lotois.com\/index.php\/wp-json\/wp\/v2\/pages"}],"about":[{"href":"https:\/\/www.chanvrier-lotois.com\/index.php\/wp-json\/wp\/v2\/types\/page"}],"author":[{"embeddable":true,"href":"https:\/\/www.chanvrier-lotois.com\/index.php\/wp-json\/wp\/v2\/users\/1"}],"replies":[{"embeddable":true,"href":"https:\/\/www.chanvrier-lotois.com\/index.php\/wp-json\/wp\/v2\/comments?post=476"}],"version-history":[{"count":46,"href":"https:\/\/www.chanvrier-lotois.com\/index.php\/wp-json\/wp\/v2\/pages\/476\/revisions"}],"predecessor-version":[{"id":4032,"href":"https:\/\/www.chanvrier-lotois.com\/index.php\/wp-json\/wp\/v2\/pages\/476\/revisions\/4032"}],"wp:attachment":[{"href":"https:\/\/www.chanvrier-lotois.com\/index.php\/wp-json\/wp\/v2\/media?parent=476"}],"curies":[{"name":"wp","href":"https:\/\/api.w.org\/{rel}","templated":true}]}}