{"id":430,"date":"2023-02-28T18:48:08","date_gmt":"2023-02-28T17:48:08","guid":{"rendered":"https:\/\/www.chanvrier-lotois.com\/?page_id=430"},"modified":"2025-06-29T15:11:26","modified_gmt":"2025-06-29T13:11:26","slug":"entreprise-de-cbd-bio","status":"publish","type":"page","link":"https:\/\/www.chanvrier-lotois.com\/index.php\/entreprise-de-cbd-bio\/","title":{"rendered":"L&rsquo;entreprise"},"content":{"rendered":"\n<p class=\"has-text-align-center has-text-color has-link-color wp-elements-68200dd252714955cdb749590a4cd039\" style=\"color:#0b265d;padding-right:200px;padding-left:200px;font-size:24px\">L&rsquo;entreprise de CBD bio Chanvrier Lotois s\u2019est install\u00e9e en 2021 sur les <a href=\"https:\/\/www.tourisme-figeac.com\/savourer-le-terroir\" target=\"_blank\" rel=\"noreferrer noopener\">terres du Lot<\/a>, d\u00e9partement occitan qui porte les traces d\u2019une culture chanvri\u00e8re ancestrale.  Elle a \u00e0 c\u0153ur de prendre soin des humains comme de respecter l\u2019environnement.<\/p>\n\n\n\n<div style=\"height:30px\" aria-hidden=\"true\" class=\"wp-block-spacer\"><\/div>\n\n\n\n<div class=\"wp-block-media-text is-stacked-on-mobile is-style-circle is-style-rounded\" style=\"grid-template-columns:30% auto\"><figure class=\"wp-block-media-text__media\"><img data-recalc-dims=\"1\" data-dominant-color=\"998b60\" data-has-transparency=\"false\" style=\"--dominant-color: #998b60;\" loading=\"lazy\" decoding=\"async\" width=\"800\" height=\"800\" src=\"https:\/\/i0.wp.com\/www.chanvrier-lotois.com\/wp-content\/uploads\/2024\/03\/1-1.webp?resize=800%2C800&#038;quality=100&#038;ssl=1\" alt=\"culture du chanvre Lot antiquit\u00e9\" class=\"wp-image-2349 size-full not-transparent\" srcset=\"https:\/\/i0.wp.com\/www.chanvrier-lotois.com\/wp-content\/uploads\/2024\/03\/1-1.webp?w=800&amp;quality=100&amp;ssl=1 800w, https:\/\/i0.wp.com\/www.chanvrier-lotois.com\/wp-content\/uploads\/2024\/03\/1-1.webp?resize=300%2C300&amp;quality=100&amp;ssl=1 300w, https:\/\/i0.wp.com\/www.chanvrier-lotois.com\/wp-content\/uploads\/2024\/03\/1-1.webp?resize=150%2C150&amp;quality=100&amp;ssl=1 150w, https:\/\/i0.wp.com\/www.chanvrier-lotois.com\/wp-content\/uploads\/2024\/03\/1-1.webp?resize=768%2C768&amp;quality=100&amp;ssl=1 768w, https:\/\/i0.wp.com\/www.chanvrier-lotois.com\/wp-content\/uploads\/2024\/03\/1-1.webp?resize=144%2C144&amp;quality=100&amp;ssl=1 144w, https:\/\/i0.wp.com\/www.chanvrier-lotois.com\/wp-content\/uploads\/2024\/03\/1-1.webp?resize=200%2C200&amp;quality=100&amp;ssl=1 200w, https:\/\/i0.wp.com\/www.chanvrier-lotois.com\/wp-content\/uploads\/2024\/03\/1-1.webp?resize=100%2C100&amp;quality=100&amp;ssl=1 100w, https:\/\/i0.wp.com\/www.chanvrier-lotois.com\/wp-content\/uploads\/2024\/03\/1-1.webp?resize=600%2C600&amp;quality=100&amp;ssl=1 600w\" sizes=\"auto, (max-width: 800px) 100vw, 800px\" \/><\/figure><div class=\"wp-block-media-text__content\">\n<h2 class=\"wp-block-heading has-text-color has-link-color wp-elements-90c01bfbb5cfed9398339097a7a25537\" style=\"color:#cbae60;font-size:40px\">Le Lot : terre de chanvre d\u00e8s l&rsquo;Antiquit\u00e9<\/h2>\n<\/div><\/div>\n\n\n\n<div style=\"height:30px\" aria-hidden=\"true\" class=\"wp-block-spacer\"><\/div>\n\n\n\n<p class=\"has-text-align-center has-text-color has-link-color wp-elements-88e3c375f3c40e7ef691119808c71ea4\" style=\"color:#0b265d;padding-right:200px;padding-left:200px;font-size:24px\">La culture du chanvre a laiss\u00e9 des traces qui datent de l&rsquo;Antiquit\u00e9. En effet, les terres du Causse comme des vall\u00e9es du Lot et du C\u00e9l\u00e9 sont propices au d\u00e9veloppement de cette plante rustique. Nos anc\u00eatres ont d\u00e9couvert tr\u00e8s t\u00f4t les valeurs textiles, nutritive et th\u00e9rapeutique du chanvre. C&rsquo;est pour cela que nous tenons \u00e0 faire revivre ses savoirs.<\/p>\n\n\n\n<div style=\"height:30px\" aria-hidden=\"true\" class=\"wp-block-spacer\"><\/div>\n\n\n\n<div class=\"wp-block-media-text is-stacked-on-mobile is-style-rounded\" style=\"grid-template-columns:30% auto\"><figure class=\"wp-block-media-text__media\"><img data-recalc-dims=\"1\" data-dominant-color=\"b29d62\" data-has-transparency=\"false\" style=\"--dominant-color: #b29d62;\" loading=\"lazy\" decoding=\"async\" width=\"800\" height=\"800\" src=\"https:\/\/i0.wp.com\/www.chanvrier-lotois.com\/wp-content\/uploads\/2024\/03\/2-1.webp?resize=800%2C800&#038;quality=100&#038;ssl=1\" alt=\"chanvre textile Lot\" class=\"wp-image-2352 size-full not-transparent\" srcset=\"https:\/\/i0.wp.com\/www.chanvrier-lotois.com\/wp-content\/uploads\/2024\/03\/2-1.webp?w=800&amp;quality=100&amp;ssl=1 800w, https:\/\/i0.wp.com\/www.chanvrier-lotois.com\/wp-content\/uploads\/2024\/03\/2-1.webp?resize=300%2C300&amp;quality=100&amp;ssl=1 300w, https:\/\/i0.wp.com\/www.chanvrier-lotois.com\/wp-content\/uploads\/2024\/03\/2-1.webp?resize=150%2C150&amp;quality=100&amp;ssl=1 150w, https:\/\/i0.wp.com\/www.chanvrier-lotois.com\/wp-content\/uploads\/2024\/03\/2-1.webp?resize=768%2C768&amp;quality=100&amp;ssl=1 768w, https:\/\/i0.wp.com\/www.chanvrier-lotois.com\/wp-content\/uploads\/2024\/03\/2-1.webp?resize=144%2C144&amp;quality=100&amp;ssl=1 144w, https:\/\/i0.wp.com\/www.chanvrier-lotois.com\/wp-content\/uploads\/2024\/03\/2-1.webp?resize=200%2C200&amp;quality=100&amp;ssl=1 200w, https:\/\/i0.wp.com\/www.chanvrier-lotois.com\/wp-content\/uploads\/2024\/03\/2-1.webp?resize=100%2C100&amp;quality=100&amp;ssl=1 100w, https:\/\/i0.wp.com\/www.chanvrier-lotois.com\/wp-content\/uploads\/2024\/03\/2-1.webp?resize=600%2C600&amp;quality=100&amp;ssl=1 600w\" sizes=\"auto, (max-width: 800px) 100vw, 800px\" \/><\/figure><div class=\"wp-block-media-text__content\">\n<h2 class=\"wp-block-heading has-text-color has-link-color wp-elements-c6a702bb5acc6c4f1053a2fec0bb6eb0\" style=\"color:#cbae60;font-size:40px\">Relance de la fili\u00e8re en 2019<\/h2>\n<\/div><\/div>\n\n\n\n<div style=\"height:30px\" aria-hidden=\"true\" class=\"wp-block-spacer\"><\/div>\n\n\n\n<p class=\"has-text-align-center has-text-color has-link-color wp-elements-9c8791c148f940c9f08554f86fcb2dad\" style=\"color:#0b265d;padding-right:200px;padding-left:200px;font-size:24px\">Peu exigeant en eau, id\u00e9al pour remuer la terre gr\u00e2ce \u00e0 son syst\u00e8me racinaire en spirales, r\u00e9sistant aux maladies, le chanvre a un profil exemplaire. Pourtant, les agriculteurs ont d\u00e9laiss\u00e9 le chanvre quand le coton et les mati\u00e8res synth\u00e9tiques se sont impos\u00e9s sur le march\u00e9 textile internationale.<\/p>\n\n\n\n<p class=\"has-text-align-center has-text-color has-link-color wp-elements-cf274652863a47e921621e3965d22d3d\" style=\"color:#0b265d;padding-right:200px;padding-left:200px;font-size:24px\">En 2019, Samuel Belhamiti s&rsquo;int\u00e9resse \u00e0 la <a href=\"https:\/\/textileaddict.me\/la-filiere-chanvre-entre-dans-le-plan-france-2030\/\" target=\"_blank\" rel=\"noreferrer noopener\">relance d&rsquo;une fili\u00e8re locale autour du chanvre<\/a> et de la laine. C&rsquo;est ainsi qu&rsquo;il d\u00e9couvre que le chanvre est vertueux pour la plan\u00e8te et aussi pour la sant\u00e9.<\/p>\n\n\n\n<div style=\"height:30px\" aria-hidden=\"true\" class=\"wp-block-spacer\"><\/div>\n\n\n\n<div class=\"wp-block-media-text is-stacked-on-mobile is-style-rounded\" style=\"grid-template-columns:30% auto\" id=\"fleurs-Chanvrier-Lotois\"><figure class=\"wp-block-media-text__media\"><img data-recalc-dims=\"1\" data-dominant-color=\"b9a162\" data-has-transparency=\"false\" style=\"--dominant-color: #b9a162;\" loading=\"lazy\" decoding=\"async\" width=\"800\" height=\"800\" src=\"https:\/\/i0.wp.com\/www.chanvrier-lotois.com\/wp-content\/uploads\/2024\/03\/3-1.webp?resize=800%2C800&#038;quality=100&#038;ssl=1\" alt=\"fleurs de CBD bio\" class=\"wp-image-2353 size-full not-transparent\" srcset=\"https:\/\/i0.wp.com\/www.chanvrier-lotois.com\/wp-content\/uploads\/2024\/03\/3-1.webp?w=800&amp;quality=100&amp;ssl=1 800w, https:\/\/i0.wp.com\/www.chanvrier-lotois.com\/wp-content\/uploads\/2024\/03\/3-1.webp?resize=300%2C300&amp;quality=100&amp;ssl=1 300w, https:\/\/i0.wp.com\/www.chanvrier-lotois.com\/wp-content\/uploads\/2024\/03\/3-1.webp?resize=150%2C150&amp;quality=100&amp;ssl=1 150w, https:\/\/i0.wp.com\/www.chanvrier-lotois.com\/wp-content\/uploads\/2024\/03\/3-1.webp?resize=768%2C768&amp;quality=100&amp;ssl=1 768w, https:\/\/i0.wp.com\/www.chanvrier-lotois.com\/wp-content\/uploads\/2024\/03\/3-1.webp?resize=144%2C144&amp;quality=100&amp;ssl=1 144w, https:\/\/i0.wp.com\/www.chanvrier-lotois.com\/wp-content\/uploads\/2024\/03\/3-1.webp?resize=200%2C200&amp;quality=100&amp;ssl=1 200w, https:\/\/i0.wp.com\/www.chanvrier-lotois.com\/wp-content\/uploads\/2024\/03\/3-1.webp?resize=100%2C100&amp;quality=100&amp;ssl=1 100w, https:\/\/i0.wp.com\/www.chanvrier-lotois.com\/wp-content\/uploads\/2024\/03\/3-1.webp?resize=600%2C600&amp;quality=100&amp;ssl=1 600w\" sizes=\"auto, (max-width: 800px) 100vw, 800px\" \/><\/figure><div class=\"wp-block-media-text__content\">\n<h2 class=\"wp-block-heading has-text-color has-link-color wp-elements-6c7109fb8745cf0b41f5feee6c80ad1d\" style=\"color:#cbae60;font-size:40px\">Une entreprise de CBD bio depuis 2021<\/h2>\n<\/div><\/div>\n\n\n\n<div style=\"height:30px\" aria-hidden=\"true\" class=\"wp-block-spacer\"><\/div>\n\n\n\n<p class=\"has-text-align-center has-text-color has-link-color wp-elements-7d5bb45f0be31032cea4b538d90c1db6\" style=\"color:#0b265d;padding-right:200px;padding-left:200px;font-size:24px\">Apr\u00e8s une saison d&rsquo;essais, Boris Nouyoux et Lauriane Beucher rejoignent Samuel Belhamiti pour cr\u00e9er Chanvrier Lotois. Premier producteur de CBD certifi\u00e9 agriculture biologique implant\u00e9 dans le Lot, il garantit une <a href=\"https:\/\/www.chanvrier-lotois.com\/index.php\/boutique\/\" target=\"_blank\" rel=\"noreferrer noopener\">gamme de produits<\/a> 100 % naturelle, locale et haut de gamme. Fleurs, infusions et huiles sont constitu\u00e9es exclusivement de plantes cultiv\u00e9es en Occitanie par nos soins. <\/p>\n\n\n\n<div style=\"height:20px\" aria-hidden=\"true\" class=\"wp-block-spacer\"><\/div>\n\n\n\n<div class=\"wp-block-buttons has-custom-font-size has-small-font-size is-content-justification-center is-layout-flex wp-container-core-buttons-is-layout-16018d1d wp-block-buttons-is-layout-flex\">\n<div class=\"wp-block-button has-custom-width wp-block-button__width-50 is-style-outline is-style-outline--1\"><a class=\"wp-block-button__link has-text-color has-background has-link-color has-text-align-center has-custom-font-size wp-element-button\" href=\"https:\/\/www.chanvrier-lotois.com\/index.php\/cbd-bio-du-lot-boutique\/\" style=\"border-radius:40px;color:#0b265d;background-color:#cbae60;font-size:13px\" target=\"_blank\" rel=\"noreferrer noopener\"><strong>D\u00e9couvrez la boutique<\/strong><\/a><\/div>\n<\/div>\n\n\n\n<div style=\"height:30px\" aria-hidden=\"true\" class=\"wp-block-spacer\"><\/div>\n\n\n\n<p><\/p>\n","protected":false},"excerpt":{"rendered":"<p>L&rsquo;entreprise de CBD bio Chanvrier Lotois s\u2019est install\u00e9e en 2021 sur les terres du Lot, d\u00e9partement occitan qui porte les traces d\u2019une culture chanvri\u00e8re ancestrale. Elle a \u00e0 c\u0153ur de prendre soin des humains comme de respecter l\u2019environnement. Le Lot : terre de chanvre d\u00e8s l&rsquo;Antiquit\u00e9 La culture du chanvre a laiss\u00e9 des traces qui&hellip;&nbsp;<\/p>\n","protected":false},"author":1,"featured_media":0,"parent":0,"menu_order":0,"comment_status":"closed","ping_status":"closed","template":"","meta":{"_monsterinsights_skip_tracking":false,"_monsterinsights_sitenote_active":false,"_monsterinsights_sitenote_note":"","_monsterinsights_sitenote_category":0,"neve_meta_sidebar":"","neve_meta_container":"","neve_meta_enable_content_width":"","neve_meta_content_width":0,"neve_meta_title_alignment":"","neve_meta_author_avatar":"","neve_post_elements_order":"","neve_meta_disable_header":"","neve_meta_disable_footer":"","neve_meta_disable_title":"","_themeisle_gutenberg_block_has_review":false,"footnotes":""},"class_list":["post-430","page","type-page","status-publish","hentry"],"aioseo_notices":[],"jetpack-related-posts":[{"id":979,"url":"https:\/\/www.chanvrier-lotois.com\/","url_meta":{"origin":430,"position":0},"title":"Le CBD fran\u00e7ais bio","author":"Lauriane Beucher","date":"31 mars 2023","format":false,"excerpt":"Chanvrier Lotois dans la presse D\u00e9couvrez les articles parus dans la presse du Lot et d'Occitanie sur notre production et le reportage France 3 r\u00e9gions. L'article de la semaine de votre producteur de CBD fran\u00e7ais bio \u00e0 Cahors Lisez les nouveaux articles du blog d\u00e9di\u00e9 au CBD. Avanc\u00e9es scientifiques, bienfaits\u2026","rel":"","context":"Article similaire","block_context":{"text":"Article similaire","link":""},"img":{"alt_text":"Le CBD bio fran\u00e7ais","src":"https:\/\/i0.wp.com\/www.chanvrier-lotois.com\/wp-content\/uploads\/2024\/11\/banniere-site-A2-paysage-1.webp?fit=1200%2C848&quality=100&ssl=1&resize=350%2C200","width":350,"height":200,"srcset":"https:\/\/i0.wp.com\/www.chanvrier-lotois.com\/wp-content\/uploads\/2024\/11\/banniere-site-A2-paysage-1.webp?fit=1200%2C848&quality=100&ssl=1&resize=350%2C200 1x, https:\/\/i0.wp.com\/www.chanvrier-lotois.com\/wp-content\/uploads\/2024\/11\/banniere-site-A2-paysage-1.webp?fit=1200%2C848&quality=100&ssl=1&resize=525%2C300 1.5x, https:\/\/i0.wp.com\/www.chanvrier-lotois.com\/wp-content\/uploads\/2024\/11\/banniere-site-A2-paysage-1.webp?fit=1200%2C848&quality=100&ssl=1&resize=700%2C400 2x, https:\/\/i0.wp.com\/www.chanvrier-lotois.com\/wp-content\/uploads\/2024\/11\/banniere-site-A2-paysage-1.webp?fit=1200%2C848&quality=100&ssl=1&resize=1050%2C600 3x"},"classes":[]},{"id":825,"url":"https:\/\/www.chanvrier-lotois.com\/index.php\/cbd-doccitanie-cbd-bio-du-lot\/","url_meta":{"origin":430,"position":1},"title":"La presse","author":"Lauriane Beucher","date":"16 mars 2023","format":false,"excerpt":"La presse parle de Chanvrier Lotois, producteur de CBD d'Occitanie en bio. Revivez l'histoire de l'entreprise de chanvre bien-\u00eatre. Reportages et articles d\u00e9roulent l'\u00e9volution du chanvre bio dans le Lot depuis la cr\u00e9ation de Chanvrier Lotois. Mars 2025 : Partenariat avec Les Acolytes pour une bi\u00e8re au chanvre 100 %\u2026","rel":"","context":"Article similaire","block_context":{"text":"Article similaire","link":""},"img":{"alt_text":"","src":"https:\/\/i0.wp.com\/www.chanvrier-lotois.com\/wp-content\/uploads\/2025\/03\/Capture-decran-2025-03-24-a-10.16.42-png.webp?resize=350%2C200&quality=100&ssl=1","width":350,"height":200,"srcset":"https:\/\/i0.wp.com\/www.chanvrier-lotois.com\/wp-content\/uploads\/2025\/03\/Capture-decran-2025-03-24-a-10.16.42-png.webp?resize=350%2C200&quality=100&ssl=1 1x, https:\/\/i0.wp.com\/www.chanvrier-lotois.com\/wp-content\/uploads\/2025\/03\/Capture-decran-2025-03-24-a-10.16.42-png.webp?resize=525%2C300&quality=100&ssl=1 1.5x, https:\/\/i0.wp.com\/www.chanvrier-lotois.com\/wp-content\/uploads\/2025\/03\/Capture-decran-2025-03-24-a-10.16.42-png.webp?resize=700%2C400&quality=100&ssl=1 2x, https:\/\/i0.wp.com\/www.chanvrier-lotois.com\/wp-content\/uploads\/2025\/03\/Capture-decran-2025-03-24-a-10.16.42-png.webp?resize=1050%2C600&quality=100&ssl=1 3x"},"classes":[]},{"id":68,"url":"https:\/\/www.chanvrier-lotois.com\/index.php\/bien-etre-au-naturel-cbd-bio\/","url_meta":{"origin":430,"position":2},"title":"Les valeurs","author":"Lauriane Beucher","date":"8 octobre 2022","format":false,"excerpt":"Le d\u00e9veloppement de l'entreprise Chanvrier Lotois s'appuie sur des valeurs fortes pour promouvoir le bien-\u00eatre au naturel et pour prot\u00e9ger notre environnement. OFFRIR LE BIEN-\u00caTRE AU NATUREL Notre gamme de produits au CBD s'adapte \u00e0 vos besoins. Elle \u00e9volue selon les \u00e9tudes et les d\u00e9couvertes scientifiques concernant les b\u00e9n\u00e9fices des\u2026","rel":"","context":"Article similaire","block_context":{"text":"Article similaire","link":""},"img":{"alt_text":"Azur\u00e9e sur les semis de CBD qui montrent les valeurs bio de Chanvrier Lotois","src":"https:\/\/i0.wp.com\/www.chanvrier-lotois.com\/wp-content\/uploads\/2023\/03\/4.-Azure-scaled.webp?fit=1200%2C803&quality=100&ssl=1&resize=350%2C200","width":350,"height":200,"srcset":"https:\/\/i0.wp.com\/www.chanvrier-lotois.com\/wp-content\/uploads\/2023\/03\/4.-Azure-scaled.webp?fit=1200%2C803&quality=100&ssl=1&resize=350%2C200 1x, https:\/\/i0.wp.com\/www.chanvrier-lotois.com\/wp-content\/uploads\/2023\/03\/4.-Azure-scaled.webp?fit=1200%2C803&quality=100&ssl=1&resize=525%2C300 1.5x, https:\/\/i0.wp.com\/www.chanvrier-lotois.com\/wp-content\/uploads\/2023\/03\/4.-Azure-scaled.webp?fit=1200%2C803&quality=100&ssl=1&resize=700%2C400 2x, https:\/\/i0.wp.com\/www.chanvrier-lotois.com\/wp-content\/uploads\/2023\/03\/4.-Azure-scaled.webp?fit=1200%2C803&quality=100&ssl=1&resize=1050%2C600 3x"},"classes":[]},{"id":814,"url":"https:\/\/www.chanvrier-lotois.com\/index.php\/questions-sur-le-cbd-bio-et-nous-contacter\/","url_meta":{"origin":430,"position":3},"title":"Nous contacter","author":"Lauriane Beucher","date":"15 mars 2023","format":false,"excerpt":"Questions fr\u00e9quentes sur nos produits : Consultez les r\u00e9ponses aux questions les plus courantes de nos clients. Quel est le dosage d'huile de CBD pr\u00e9conis\u00e9 ? Les organismes de sant\u00e9 conseillent de ne pas d\u00e9passer la dose de 70 mg de CBD par jour. Il est pr\u00e9f\u00e9rable de commencer par\u2026","rel":"","context":"Article similaire","block_context":{"text":"Article similaire","link":""},"img":{"alt_text":"","src":"https:\/\/i0.wp.com\/www.chanvrier-lotois.com\/wp-content\/uploads\/2024\/03\/Mail-1.webp?resize=350%2C200&quality=100&ssl=1","width":350,"height":200,"srcset":"https:\/\/i0.wp.com\/www.chanvrier-lotois.com\/wp-content\/uploads\/2024\/03\/Mail-1.webp?resize=350%2C200&quality=100&ssl=1 1x, https:\/\/i0.wp.com\/www.chanvrier-lotois.com\/wp-content\/uploads\/2024\/03\/Mail-1.webp?resize=525%2C300&quality=100&ssl=1 1.5x, https:\/\/i0.wp.com\/www.chanvrier-lotois.com\/wp-content\/uploads\/2024\/03\/Mail-1.webp?resize=700%2C400&quality=100&ssl=1 2x"},"classes":[]},{"id":951,"url":"https:\/\/www.chanvrier-lotois.com\/index.php\/conditions-pro-pour-la-vente\/","url_meta":{"origin":430,"position":4},"title":"Conditions g\u00e9n\u00e9rales de vente pour les professionnels","author":"Lauriane Beucher","date":"31 mars 2023","format":false,"excerpt":"1. PR\u00c9AMBULE.\u00a0 Les pr\u00e9sentes Conditions\u00a0 G\u00e9n\u00e9rales de Vente (\u00ab CGV\u00bb) ont pour objet de\u00a0 d\u00e9finir les modalit\u00e9s et conditions de ventes de ses produits (\u00ab Produits \u00bb) propos\u00e9s par la\u00a0 soci\u00e9t\u00e9 Chanvrier Lotois aux professionnels (l\u2019\u00ab\u00a0 Acheteur\u00bb) en vue de leur revente aupr\u00e8s de\u00a0 leurs clients. 2. VENDEUR.\u00a0 Le vendeur\u2026","rel":"","context":"Article similaire","block_context":{"text":"Article similaire","link":""},"img":{"alt_text":"","src":"","width":0,"height":0},"classes":[]},{"id":476,"url":"https:\/\/www.chanvrier-lotois.com\/index.php\/chanvrier-lotois-catalogue-pour-les-pros\/","url_meta":{"origin":430,"position":5},"title":"L&rsquo;espace pro","author":"Lauriane Beucher","date":"4 mars 2023","format":false,"excerpt":"Vous \u00eates un professionnel ? Recevez notre catalogue de produits au CBD bio d\u00e9di\u00e9 et b\u00e9n\u00e9ficiez de nos offres pour les pros. Int\u00e9ress\u00e9 par du CBD bio cultiv\u00e9 en Occitanie ? Remplissez le formulaire suivant pour recevoir votre catalogue par e-mail Pourquoi choisir dans notre catalogue de produits CBD bio\u2026","rel":"","context":"Article similaire","block_context":{"text":"Article similaire","link":""},"img":{"alt_text":"","src":"https:\/\/i0.wp.com\/www.chanvrier-lotois.com\/wp-content\/uploads\/2024\/03\/Espace-pro.webp?resize=350%2C200&quality=100&ssl=1","width":350,"height":200,"srcset":"https:\/\/i0.wp.com\/www.chanvrier-lotois.com\/wp-content\/uploads\/2024\/03\/Espace-pro.webp?resize=350%2C200&quality=100&ssl=1 1x, https:\/\/i0.wp.com\/www.chanvrier-lotois.com\/wp-content\/uploads\/2024\/03\/Espace-pro.webp?resize=525%2C300&quality=100&ssl=1 1.5x, https:\/\/i0.wp.com\/www.chanvrier-lotois.com\/wp-content\/uploads\/2024\/03\/Espace-pro.webp?resize=700%2C400&quality=100&ssl=1 2x"},"classes":[]}],"jetpack_sharing_enabled":true,"jetpack_likes_enabled":true,"_links":{"self":[{"href":"https:\/\/www.chanvrier-lotois.com\/index.php\/wp-json\/wp\/v2\/pages\/430","targetHints":{"allow":["GET"]}}],"collection":[{"href":"https:\/\/www.chanvrier-lotois.com\/index.php\/wp-json\/wp\/v2\/pages"}],"about":[{"href":"https:\/\/www.chanvrier-lotois.com\/index.php\/wp-json\/wp\/v2\/types\/page"}],"author":[{"embeddable":true,"href":"https:\/\/www.chanvrier-lotois.com\/index.php\/wp-json\/wp\/v2\/users\/1"}],"replies":[{"embeddable":true,"href":"https:\/\/www.chanvrier-lotois.com\/index.php\/wp-json\/wp\/v2\/comments?post=430"}],"version-history":[{"count":36,"href":"https:\/\/www.chanvrier-lotois.com\/index.php\/wp-json\/wp\/v2\/pages\/430\/revisions"}],"predecessor-version":[{"id":4022,"href":"https:\/\/www.chanvrier-lotois.com\/index.php\/wp-json\/wp\/v2\/pages\/430\/revisions\/4022"}],"wp:attachment":[{"href":"https:\/\/www.chanvrier-lotois.com\/index.php\/wp-json\/wp\/v2\/media?parent=430"}],"curies":[{"name":"wp","href":"https:\/\/api.w.org\/{rel}","templated":true}]}}