{"id":3,"date":"2022-10-01T17:48:41","date_gmt":"2022-10-01T15:48:41","guid":{"rendered":"http:\/\/bmbjzbd.cluster029.hosting.ovh.net\/?page_id=3"},"modified":"2023-04-03T12:50:27","modified_gmt":"2023-04-03T10:50:27","slug":"chanvrier-lotois-politique-de-confidentialite","status":"publish","type":"page","link":"https:\/\/www.chanvrier-lotois.com\/index.php\/chanvrier-lotois-politique-de-confidentialite\/","title":{"rendered":"Politique de confidentialit\u00e9"},"content":{"rendered":"\n<h2 class=\"wp-block-heading\"><strong>Qui sommes-nous&nbsp;?<\/strong><\/h2>\n\n\n\n<p>L\u2019adresse de notre site est&nbsp;:&nbsp;<a href=\"https:\/\/www.chanvrier-lotois.com\/\">https:\/\/www.chanvrier-lotois.com\/<\/a><\/p>\n\n\n\n<h2 class=\"wp-block-heading\"><strong>Utilisation des donn\u00e9es personnelles collect\u00e9es<\/strong> et des commentaires<\/h2>\n\n\n\n<p>Quand vous laissez un commentaire sur notre site, les donn\u00e9es inscrites dans le formulaire de commentaire, mais aussi votre adresse IP et l\u2019agent utilisateur de votre navigateur sont collect\u00e9s pour nous aider \u00e0 la d\u00e9tection des commentaires ind\u00e9sirables.<\/p>\n\n\n\n<p>Une cha\u00eene anonymis\u00e9e cr\u00e9\u00e9e \u00e0 partir de votre adresse e-mail (\u00e9galement appel\u00e9e hash) peut \u00eatre envoy\u00e9e au service Gravatar pour v\u00e9rifier si vous utilisez ce dernier. Les clauses de confidentialit\u00e9 du service Gravatar sont disponibles ici&nbsp;: https:\/\/automattic.com\/privacy\/. Apr\u00e8s validation de votre commentaire, votre photo de profil sera visible publiquement \u00e0 c\u00f4t\u00e9 de votre commentaire.<\/p>\n\n\n\n<h2 class=\"wp-block-heading\"><strong>M\u00e9dias<\/strong><\/h2>\n\n\n\n<p>Si vous t\u00e9l\u00e9versez des images sur le site, nous vous conseillons d\u2019\u00e9viter de t\u00e9l\u00e9verser des images contenant des donn\u00e9es EXIF de coordonn\u00e9es GPS. Les personnes visitant votre site peuvent t\u00e9l\u00e9charger et extraire des donn\u00e9es de localisation depuis ces images.<\/p>\n\n\n\n<h2 class=\"wp-block-heading\"><strong>Formulaires de contact<\/strong><\/h2>\n\n\n\n<h2 class=\"wp-block-heading\"><strong>Cookies<\/strong><\/h2>\n\n\n\n<p>Si vous d\u00e9posez un commentaire sur notre site, il vous sera propos\u00e9 d\u2019enregistrer votre nom, adresse e-mail et site dans des cookies. C\u2019est uniquement pour votre confort afin de ne pas avoir \u00e0 saisir ces informations si vous d\u00e9posez un autre commentaire plus tard. Ces cookies expirent au bout d\u2019un an.<\/p>\n\n\n\n<p>Si vous vous rendez sur la page de connexion, un cookie temporaire sera cr\u00e9\u00e9 afin de d\u00e9terminer si votre navigateur accepte les cookies. Il ne contient pas de donn\u00e9es personnelles et sera supprim\u00e9 automatiquement \u00e0 la fermeture de votre navigateur.<\/p>\n\n\n\n<p>Lorsque vous vous connecterez, nous mettrons en place un certain nombre de cookies pour enregistrer vos informations de connexion et vos pr\u00e9f\u00e9rences d\u2019\u00e9cran. La dur\u00e9e de vie d\u2019un cookie de connexion est de deux jours, celle d\u2019un cookie d\u2019option d\u2019\u00e9cran est d\u2019un an. Si vous cochez \u00ab&nbsp;Se souvenir de moi&nbsp;\u00bb, votre cookie de connexion sera conserv\u00e9 pendant deux semaines. Si vous vous d\u00e9connectez de votre compte, le cookie de connexion sera effac\u00e9.<\/p>\n\n\n\n<p>En modifiant ou en publiant une publication, un cookie suppl\u00e9mentaire sera enregistr\u00e9 dans votre navigateur. Ce cookie ne comprend aucune donn\u00e9e personnelle. Il indique simplement l\u2019ID de la publication que vous venez de modifier. Il expire au bout d\u2019un jour.<\/p>\n\n\n\n<h2 class=\"wp-block-heading\"><strong>Contenu embarqu\u00e9 depuis d\u2019autres sites<\/strong><\/h2>\n\n\n\n<p>Les articles de ce site peuvent inclure des contenus int\u00e9gr\u00e9s (par exemple des vid\u00e9os, images, articles\u2026). Le contenu int\u00e9gr\u00e9 depuis d\u2019autres sites se comporte de la m\u00eame mani\u00e8re que si le visiteur se rendait sur cet autre site.<\/p>\n\n\n\n<p>Ces sites web pourraient collecter des donn\u00e9es sur vous, utiliser des cookies, embarquer des outils de suivis tiers, suivre vos interactions avec ces contenus embarqu\u00e9s si vous disposez d\u2019un compte connect\u00e9 sur leur site web.<\/p>\n\n\n\n<h2 class=\"wp-block-heading\"><strong>Statistiques et mesures d\u2019audience<\/strong><\/h2>\n\n\n\n<p>Nous utilisons la solution Google Analytics pour mesurer les statistiques de fr\u00e9quentation du site.<\/p>\n\n\n\n<h2 class=\"wp-block-heading\"><strong>Utilisation et transmission de vos donn\u00e9es personnelles<\/strong><\/h2>\n\n\n\n<p>Si vous demandez une r\u00e9initialisation de votre mot de passe, votre adresse IP sera incluse dans l\u2019e-mail de r\u00e9initialisation.<\/p>\n\n\n\n<h2 class=\"wp-block-heading\"><strong>Dur\u00e9es de stockage de vos donn\u00e9es<\/strong><\/h2>\n\n\n\n<p>Si vous laissez un commentaire, le commentaire et ses m\u00e9tadonn\u00e9es sont conserv\u00e9s ind\u00e9finiment. Cela permet de reconna\u00eetre et approuver automatiquement les commentaires suivants au lieu de les laisser dans la file de mod\u00e9ration.<\/p>\n\n\n\n<p>Pour les comptes qui s\u2019inscrivent sur notre site (le cas \u00e9ch\u00e9ant), nous stockons \u00e9galement les donn\u00e9es personnelles indiqu\u00e9es dans leur profil. Tous les comptes peuvent voir, modifier ou supprimer leurs informations personnelles \u00e0 tout moment (\u00e0 l\u2019exception de leur identifiant). Les gestionnaires du site peuvent aussi voir et modifier ces informations.<\/p>\n\n\n\n<h2 class=\"wp-block-heading\"><strong>Les droits que vous avez sur vos donn\u00e9es<\/strong><\/h2>\n\n\n\n<p>Si vous avez un compte ou si vous avez laiss\u00e9 des commentaires sur le site, vous pouvez demander \u00e0 recevoir un fichier contenant toutes les donn\u00e9es personnelles que nous poss\u00e9dons \u00e0 votre sujet, incluant celles que vous nous avez fournies. Vous pouvez \u00e9galement demander la suppression des donn\u00e9es personnelles vous concernant. Cela ne prend pas en compte les donn\u00e9es stock\u00e9es \u00e0 des fins administratives, l\u00e9gales ou pour des raisons de s\u00e9curit\u00e9.<\/p>\n\n\n\n<h2 class=\"wp-block-heading\"><strong>Transmission de vos donn\u00e9es personnelles<\/strong><\/h2>\n\n\n\n<p>Les commentaires des visiteurs peuvent \u00eatre v\u00e9rifi\u00e9s \u00e0 l\u2019aide d\u2019un service automatis\u00e9 de d\u00e9tection des commentaires ind\u00e9sirables.<\/p>\n\n\n\n<h2 class=\"wp-block-heading\"><strong>Informations de contact<\/strong><\/h2>\n\n\n\n<p>Vous pouvez nous contacter par mail \u00e0&nbsp;<a href=\"mailto:contact@chanvrier-lotois.com\">contact@chanvrier-lotois.com<\/a><\/p>\n\n\n\n<div style=\"height:100px\" aria-hidden=\"true\" class=\"wp-block-spacer\"><\/div>\n","protected":false},"excerpt":{"rendered":"<p>Qui sommes-nous&nbsp;? L\u2019adresse de notre site est&nbsp;:&nbsp;https:\/\/www.chanvrier-lotois.com\/ Utilisation des donn\u00e9es personnelles collect\u00e9es et des commentaires Quand vous laissez un commentaire sur notre site, les donn\u00e9es inscrites dans le formulaire de commentaire, mais aussi votre adresse IP et l\u2019agent utilisateur de votre navigateur sont collect\u00e9s pour nous aider \u00e0 la d\u00e9tection des commentaires ind\u00e9sirables. Une cha\u00eene&hellip;&nbsp;<\/p>\n","protected":false},"author":1,"featured_media":0,"parent":0,"menu_order":0,"comment_status":"closed","ping_status":"open","template":"","meta":{"_monsterinsights_skip_tracking":false,"_monsterinsights_sitenote_active":false,"_monsterinsights_sitenote_note":"","_monsterinsights_sitenote_category":0,"neve_meta_sidebar":"","neve_meta_container":"","neve_meta_enable_content_width":"","neve_meta_content_width":0,"neve_meta_title_alignment":"","neve_meta_author_avatar":"","neve_post_elements_order":"","neve_meta_disable_header":"","neve_meta_disable_footer":"","neve_meta_disable_title":"","_themeisle_gutenberg_block_has_review":false,"footnotes":""},"class_list":["post-3","page","type-page","status-publish","hentry"],"aioseo_notices":[],"jetpack-related-posts":[{"id":928,"url":"https:\/\/www.chanvrier-lotois.com\/index.php\/mentions-legales-chanvrier-lotois\/","url_meta":{"origin":3,"position":0},"title":"Mentions l\u00e9gales","author":"Lauriane Beucher","date":"28 mars 2023","format":false,"excerpt":"Le site chanvrier-lotois.com est la propri\u00e9t\u00e9 et est \u00e9dit\u00e9 par :Chanvrier Lotois SAS, soci\u00e9t\u00e9 par actions simplifi\u00e9e, sise 40 rue du Dr Jean S\u00e9gala - 46000 Cahorsinscrite au Registre du Commerce et des Soci\u00e9t\u00e9s de Cahors (RCS) sous le n\u00b0918 418 625au capital de 1 000 euros Num\u00e9ro de TVA\u2026","rel":"","context":"Article similaire","block_context":{"text":"Article similaire","link":""},"img":{"alt_text":"","src":"","width":0,"height":0},"classes":[]},{"id":925,"url":"https:\/\/www.chanvrier-lotois.com\/index.php\/conditions-generales-de-vente\/","url_meta":{"origin":3,"position":1},"title":"Conditions g\u00e9n\u00e9rales de vente","author":"Lauriane Beucher","date":"28 mars 2023","format":false,"excerpt":"\u2013 PR\u00c9AMBULE \u2013 Les pr\u00e9sentes Conditions G\u00e9n\u00e9rales de Vente (ci-apr\u00e8s \u00ab les Conditions G\u00e9n\u00e9rales \u00bb) ont pour objet de d\u00e9finir les modalit\u00e9s et conditions des services et ventes des produits propos\u00e9s par la soci\u00e9t\u00e9 Chanvrier Lotois SAS et figurant sur le site \u00ab chanvrier-lotois.com \u00bb (ci-apr\u00e8s \u00ab le Site \u00bb),\u2026","rel":"","context":"Article similaire","block_context":{"text":"Article similaire","link":""},"img":{"alt_text":"","src":"","width":0,"height":0},"classes":[]},{"id":951,"url":"https:\/\/www.chanvrier-lotois.com\/index.php\/conditions-pro-pour-la-vente\/","url_meta":{"origin":3,"position":2},"title":"Conditions g\u00e9n\u00e9rales de vente pour les professionnels","author":"Lauriane Beucher","date":"31 mars 2023","format":false,"excerpt":"1. PR\u00c9AMBULE.\u00a0 Les pr\u00e9sentes Conditions\u00a0 G\u00e9n\u00e9rales de Vente (\u00ab CGV\u00bb) ont pour objet de\u00a0 d\u00e9finir les modalit\u00e9s et conditions de ventes de ses produits (\u00ab Produits \u00bb) propos\u00e9s par la\u00a0 soci\u00e9t\u00e9 Chanvrier Lotois aux professionnels (l\u2019\u00ab\u00a0 Acheteur\u00bb) en vue de leur revente aupr\u00e8s de\u00a0 leurs clients. 2. VENDEUR.\u00a0 Le vendeur\u2026","rel":"","context":"Article similaire","block_context":{"text":"Article similaire","link":""},"img":{"alt_text":"","src":"","width":0,"height":0},"classes":[]},{"id":814,"url":"https:\/\/www.chanvrier-lotois.com\/index.php\/questions-sur-le-cbd-bio-et-nous-contacter\/","url_meta":{"origin":3,"position":3},"title":"Nous contacter","author":"Lauriane Beucher","date":"15 mars 2023","format":false,"excerpt":"Questions fr\u00e9quentes sur nos produits : Consultez les r\u00e9ponses aux questions les plus courantes de nos clients. Quel est le dosage d'huile de CBD pr\u00e9conis\u00e9 ? Les organismes de sant\u00e9 conseillent de ne pas d\u00e9passer la dose de 70 mg de CBD par jour. Il est pr\u00e9f\u00e9rable de commencer par\u2026","rel":"","context":"Article similaire","block_context":{"text":"Article similaire","link":""},"img":{"alt_text":"","src":"https:\/\/i0.wp.com\/www.chanvrier-lotois.com\/wp-content\/uploads\/2024\/03\/Mail-1.webp?resize=350%2C200&quality=100&ssl=1","width":350,"height":200,"srcset":"https:\/\/i0.wp.com\/www.chanvrier-lotois.com\/wp-content\/uploads\/2024\/03\/Mail-1.webp?resize=350%2C200&quality=100&ssl=1 1x, https:\/\/i0.wp.com\/www.chanvrier-lotois.com\/wp-content\/uploads\/2024\/03\/Mail-1.webp?resize=525%2C300&quality=100&ssl=1 1.5x, https:\/\/i0.wp.com\/www.chanvrier-lotois.com\/wp-content\/uploads\/2024\/03\/Mail-1.webp?resize=700%2C400&quality=100&ssl=1 2x"},"classes":[]},{"id":476,"url":"https:\/\/www.chanvrier-lotois.com\/index.php\/chanvrier-lotois-catalogue-pour-les-pros\/","url_meta":{"origin":3,"position":4},"title":"L&rsquo;espace pro","author":"Lauriane Beucher","date":"4 mars 2023","format":false,"excerpt":"Vous \u00eates un professionnel ? Recevez notre catalogue de produits au CBD bio d\u00e9di\u00e9 et b\u00e9n\u00e9ficiez de nos offres pour les pros. Int\u00e9ress\u00e9 par du CBD bio cultiv\u00e9 en Occitanie ? Remplissez le formulaire suivant pour recevoir votre catalogue par e-mail Pourquoi choisir dans notre catalogue de produits CBD bio\u2026","rel":"","context":"Article similaire","block_context":{"text":"Article similaire","link":""},"img":{"alt_text":"","src":"https:\/\/i0.wp.com\/www.chanvrier-lotois.com\/wp-content\/uploads\/2024\/03\/Espace-pro.webp?resize=350%2C200&quality=100&ssl=1","width":350,"height":200,"srcset":"https:\/\/i0.wp.com\/www.chanvrier-lotois.com\/wp-content\/uploads\/2024\/03\/Espace-pro.webp?resize=350%2C200&quality=100&ssl=1 1x, https:\/\/i0.wp.com\/www.chanvrier-lotois.com\/wp-content\/uploads\/2024\/03\/Espace-pro.webp?resize=525%2C300&quality=100&ssl=1 1.5x, https:\/\/i0.wp.com\/www.chanvrier-lotois.com\/wp-content\/uploads\/2024\/03\/Espace-pro.webp?resize=700%2C400&quality=100&ssl=1 2x"},"classes":[]},{"id":430,"url":"https:\/\/www.chanvrier-lotois.com\/index.php\/entreprise-de-cbd-bio\/","url_meta":{"origin":3,"position":5},"title":"L&rsquo;entreprise","author":"Lauriane Beucher","date":"28 f\u00e9vrier 2023","format":false,"excerpt":"L'entreprise de CBD bio Chanvrier Lotois s\u2019est install\u00e9e en 2021 sur les terres du Lot, d\u00e9partement occitan qui porte les traces d\u2019une culture chanvri\u00e8re ancestrale. Elle a \u00e0 c\u0153ur de prendre soin des humains comme de respecter l\u2019environnement. Le Lot : terre de chanvre d\u00e8s l'Antiquit\u00e9 La culture du chanvre\u2026","rel":"","context":"Article similaire","block_context":{"text":"Article similaire","link":""},"img":{"alt_text":"","src":"https:\/\/i0.wp.com\/www.chanvrier-lotois.com\/wp-content\/uploads\/2024\/03\/3-1.webp?resize=350%2C200&quality=100&ssl=1","width":350,"height":200,"srcset":"https:\/\/i0.wp.com\/www.chanvrier-lotois.com\/wp-content\/uploads\/2024\/03\/3-1.webp?resize=350%2C200&quality=100&ssl=1 1x, https:\/\/i0.wp.com\/www.chanvrier-lotois.com\/wp-content\/uploads\/2024\/03\/3-1.webp?resize=525%2C300&quality=100&ssl=1 1.5x, https:\/\/i0.wp.com\/www.chanvrier-lotois.com\/wp-content\/uploads\/2024\/03\/3-1.webp?resize=700%2C400&quality=100&ssl=1 2x"},"classes":[]}],"jetpack_sharing_enabled":true,"jetpack_likes_enabled":true,"_links":{"self":[{"href":"https:\/\/www.chanvrier-lotois.com\/index.php\/wp-json\/wp\/v2\/pages\/3","targetHints":{"allow":["GET"]}}],"collection":[{"href":"https:\/\/www.chanvrier-lotois.com\/index.php\/wp-json\/wp\/v2\/pages"}],"about":[{"href":"https:\/\/www.chanvrier-lotois.com\/index.php\/wp-json\/wp\/v2\/types\/page"}],"author":[{"embeddable":true,"href":"https:\/\/www.chanvrier-lotois.com\/index.php\/wp-json\/wp\/v2\/users\/1"}],"replies":[{"embeddable":true,"href":"https:\/\/www.chanvrier-lotois.com\/index.php\/wp-json\/wp\/v2\/comments?post=3"}],"version-history":[{"count":2,"href":"https:\/\/www.chanvrier-lotois.com\/index.php\/wp-json\/wp\/v2\/pages\/3\/revisions"}],"predecessor-version":[{"id":1090,"href":"https:\/\/www.chanvrier-lotois.com\/index.php\/wp-json\/wp\/v2\/pages\/3\/revisions\/1090"}],"wp:attachment":[{"href":"https:\/\/www.chanvrier-lotois.com\/index.php\/wp-json\/wp\/v2\/media?parent=3"}],"curies":[{"name":"wp","href":"https:\/\/api.w.org\/{rel}","templated":true}]}}